{"id":10868,"date":"2013-11-11T00:38:26","date_gmt":"2013-11-10T22:38:26","guid":{"rendered":"https:\/\/www.stepienybarno.es\/blog\/?page_id=10868"},"modified":"2014-01-16T21:14:32","modified_gmt":"2014-01-16T19:14:32","slug":"pavimentos","status":"publish","type":"page","link":"https:\/\/stepienybarno.es\/blog\/directorio-social-de-empresas-de-materiales-de-construccion\/pavimentos\/","title":{"rendered":"PAVIMENTOS"},"content":{"rendered":"<p>Asociaci\u00f3n Espa\u00f1ola de Azulejos y Pavimentos Cer\u00e1micos <strong>ASCER<\/strong><\/p>\n<p><a href=\"http:\/\/www.ascer.org\/\">www.ascer.org<\/a><\/p>\n<p><strong> <\/strong><\/p>\n<p align=\"left\"><strong>TAU<\/strong><\/p>\n<p align=\"left\"><a href=\"http:\/\/www.tauceramica.com\/\">http:\/\/www.tauceramica.com\/<\/a><\/p>\n<p align=\"left\"><a href=\"mailto:tau@tauceramica.com?subject=Consulta%20web\">tau@tauceramica.com<\/a><\/p>\n<p><strong>SALONI<\/strong><\/p>\n<p><a href=\"http:\/\/www.saloni.com\/\">http:\/\/www.saloni.com\/<\/a><\/p>\n<p>http:\/\/www.saloni.com\/contactanos.php<\/p>\n<p><strong>GERFLOR<\/strong><\/p>\n<p><strong><a href=\"http:\/\/www.gerflor.es\/pavimentos-para-el-hogar.html\">http:\/\/www.gerflor.es<\/a><\/strong><strong> <\/strong><\/p>\n<p><strong> <\/strong><\/p>\n<p><strong>ARMSTRONG<\/strong><\/p>\n<p><a href=\"http:\/\/www.armstrong.es\">www.armstrong.es<\/a><\/p>\n<p><a href=\"mailto:service_spain@armstrong.com\">service_spain@armstrong.com<\/a><\/p>\n<p><strong>FORBO LINOLIUM<\/strong><\/p>\n<p><a href=\"http:\/\/www.pavimentos.forbo.com\">www.pavimentos.forbo.com<\/a><\/p>\n<p><a href=\"mailto:info@forbo-linoleum.ch\">info@forbo-linoleum.ch<\/a><\/p>\n<p><strong>MATIMEX<\/strong><\/p>\n<p><a href=\"http:\/\/www.matimex.es\/\">http:\/\/www.matimex.es\/<\/a><\/p>\n<p>http:\/\/www.matimex.es\/contactos.php<\/p>\n<p><a href=\"https:\/\/twitter.com\/MATIMEX_\">@MATIMEX_<\/a><\/p>\n<p><a title=\"PAMESA CERAMICA, S.L.\" href=\"http:\/\/www.construmatica.com\/empresa\/pamesa_ceramica_sl\"><strong>PAMESA CERAMICA, S.L.<\/strong><\/a><\/p>\n<p><span style=\"text-decoration: underline;\"><a href=\"http:\/\/www.pamesa.com\/\">http:\/\/www.pamesa.com\/<\/a><\/span><\/p>\n<p><a href=\"mailto:nacional@pamesa.com\">nacional@pamesa.com<\/a><\/p>\n<p><strong>GRUPO MACAYO S.L.<\/strong><\/p>\n<p><a href=\"http:\/\/www.naturfloor.com\">www.naturfloor.com<\/a><\/p>\n<p><a href=\"mailto:%20info@naturfloor.com\">info@naturfloor.com<\/a><\/p>\n<p><strong>REPHOUSE EUROPE BV<\/strong><strong> <\/strong><\/p>\n<p><strong>www.rephouse.com<\/strong><\/p>\n<p><a href=\"mailto:sales-europe@rephouse.com\">sales-europe@rephouse.com<\/a><\/p>\n<p><strong>TEXTURA DECORACI\u00d3N, S.L.<\/strong><\/p>\n<p><a href=\"http:\/\/www.texturadecoracion.com\">www.texturadecoracion.com<\/a><\/p>\n<p><a href=\"mailto:textura@instaladoresonline.com\">textura@instaladoresonline.com<\/a><\/p>\n<p><strong>ACO Productos Pol\u00edmeros, S.A.<\/strong><\/p>\n<p><a href=\"http:\/\/www.aco.es\">www.aco.es<\/a><\/p>\n<p><a href=\"mailto:contact@aco.es\">contact@aco.es<\/a><\/p>\n<p align=\"left\">\n<p align=\"left\"><strong>GRESPANIA,S.A.<\/strong><\/p>\n<p align=\"left\"><a href=\"http:\/\/www.grespania.com\/\">http:\/\/www.grespania.com<\/a><\/p>\n<p align=\"left\"><a href=\"mailto:info@grespania.com\" target=\"_blank\">info@grespania.com<\/a><\/p>\n<p align=\"left\">\n<p><a title=\"PORCELANATTO S.A\" href=\"http:\/\/www.construmatica.com\/empresa\/porcelanatto_sa\"><strong>PORCELANATTO S.A<\/strong><\/a><\/p>\n<p><a href=\"http:\/\/www.porcelanatto.com\/\">http:\/\/www.porcelanatto.com\/<\/a><\/p>\n<p>info@porcelanatto.com<\/p>\n<p><a title=\"CENGOTITA - C. FLORES Y PLANTAS, S.L.\" href=\"http:\/\/www.construmatica.com\/empresa\/cengotita_c_flores_y_plantas_sl\"><strong>CENGOTITA &#8211; C. FLORES Y PLANTAS, S.L.<\/strong><\/a><\/p>\n<p>http:\/\/www.cengotita.com\/<\/p>\n<p><a href=\"mailto:cengotita@cengotita.com\">cengotita@cengotita.com<\/a><\/p>\n<p><strong>PAVIMENTOS ESCUDERO SL<\/strong><\/p>\n<p><a href=\"http:\/\/ww38.pavimentosescudero.com\/\">http:\/\/ww38.pavimentosescudero.com\/<\/a><\/p>\n<p><strong>MACIAS ROBLES<\/strong><\/p>\n<p><a href=\"http:\/\/www.maciasrobles.es\/?gclid=CPHIhKjf2boCFYbJtAodhjEA5Q\">http:\/\/www.maciasrobles.es\/?gclid=CPHIhKjf2boCFYbJtAodhjEA5Q<\/a><\/p>\n<p>http:\/\/www.maciasrobles.es\/contactar\/contactar.asp<\/p>\n<p><strong> <\/strong><\/p>\n<p><strong>CODE<\/strong><\/p>\n<p><a href=\"http:\/\/www.pavimentoscode.es\/\">http:\/\/www.pavimentoscode.es\/<\/a><\/p>\n<p><a href=\"mailto:code@codesl.net\">code@codesl.net<\/a><\/p>\n<p><strong>HIDRAULICO<\/strong><\/p>\n<p><a href=\"http:\/\/www.hidraulico.info\/\">www.hidraulico.info<\/a><\/p>\n<p>info@mosaicnostrum.com<\/p>\n<p><strong>REVESTIMIENTOS<\/strong><\/p>\n<p><a href=\"http:\/\/www.revestimientos.es\/\">http:\/\/www.revestimientos.es\/<\/a><\/p>\n<p><strong><a href=\"mailto:info@revestimientos.es\">info@revestimientos.es<\/a><\/strong><\/p>\n<p><strong>PAVIPOR<\/strong><\/p>\n<p><a href=\"http:\/\/www.pavipor.com\/\">http:\/\/www.pavipor.com\/<\/a><\/p>\n<p><a href=\"mailto:pavipor@pavipor.com\">pavipor@pavipor.com<\/a><\/p>\n<div id=\"_mcePaste\" style=\"position: absolute; left: -10000px; top: 1780px; width: 1px; height: 1px; overflow: hidden;\">PORCELANOSA<\/div>\n<div id=\"_mcePaste\" style=\"position: absolute; left: -10000px; top: 1780px; width: 1px; height: 1px; overflow: hidden;\">http:\/\/www.porcelanosa.com\/pavimentos.php<\/div>\n<div id=\"_mcePaste\" style=\"position: absolute; left: -10000px; top: 1780px; width: 1px; height: 1px; overflow: hidden;\">grupo@porcelanosa.com<\/div>\n<div id=\"_mcePaste\" style=\"position: absolute; left: -10000px; top: 1780px; width: 1px; height: 1px; overflow: hidden;\">http:\/\/www.porcelanosa.com\/blog\/<\/div>\n<div id=\"_mcePaste\" style=\"position: absolute; left: -10000px; top: 1780px; width: 1px; height: 1px; overflow: hidden;\">https:\/\/www.facebook.com\/PorcelanosaGrupo<\/div>\n<div id=\"_mcePaste\" style=\"position: absolute; left: -10000px; top: 1780px; width: 1px; height: 1px; overflow: hidden;\">https:\/\/twitter.com\/Porcelanosa_es<\/div>\n<div id=\"_mcePaste\" style=\"position: absolute; left: -10000px; top: 1780px; width: 1px; height: 1px; overflow: hidden;\">http:\/\/www.youtube.com\/user\/PorcelanosaGrupo<\/div>\n<div id=\"_mcePaste\" style=\"position: absolute; left: -10000px; top: 1780px; width: 1px; height: 1px; overflow: hidden;\">https:\/\/plus.google.com\/+porcelanosa\/posts<\/div>\n<div id=\"_mcePaste\" style=\"position: absolute; left: -10000px; top: 1780px; width: 1px; height: 1px; overflow: hidden;\">http:\/\/www.pinterest.com\/porcelanosa\/<\/div>\n<p><strong>PORCELANOSA<\/strong><\/p>\n<p><a href=\"http:\/\/www.porcelanosa.com\/pavimentos.php\">http:\/\/www.porcelanosa.com\/pavimentos.php<\/a><\/p>\n<p>grupo@porcelanosa.com<\/p>\n<p><a href=\"http:\/\/www.porcelanosa.com\/blog\/\">http:\/\/www.porcelanosa.com\/blog\/<\/a><\/p>\n<p>https:\/\/www.facebook.com\/PorcelanosaGrupo<\/p>\n<p>https:\/\/twitter.com\/Porcelanosa_es<\/p>\n<p>http:\/\/www.youtube.com\/user\/PorcelanosaGrupo<\/p>\n<p>https:\/\/plus.google.com\/+porcelanosa\/posts<\/p>\n<p>http:\/\/www.pinterest.com\/porcelanosa\/<\/p>\n<p><strong>PAVIGYM<\/strong><\/p>\n<p><a href=\"http:\/\/es.pavigym.com\/\">http:\/\/es.pavigym.com\/<\/a><\/p>\n<p><a href=\"http:\/\/es.pavigym.com\/contacto_formulario.php\">http:\/\/es.pavigym.com\/contacto_formulario.php<\/a><\/p>\n","protected":false},"excerpt":{"rendered":"<p>Asociaci\u00f3n Espa\u00f1ola de Azulejos y Pavimentos Cer\u00e1micos ASCER www.ascer.org TAU<\/p>\n","protected":false},"author":2,"featured_media":0,"parent":10831,"menu_order":0,"comment_status":"open","ping_status":"closed","template":"","meta":{"om_disable_all_campaigns":false,"_monsterinsights_skip_tracking":false,"_monsterinsights_sitenote_active":false,"_monsterinsights_sitenote_note":"","_monsterinsights_sitenote_category":0,"_uf_show_specific_survey":0,"_uf_disable_surveys":false,"episode_type":"","audio_file":"","cover_image":"","cover_image_id":"","duration":"","filesize":"","date_recorded":"","explicit":"","block":"","filesize_raw":"","footnotes":""},"class_list":["post-10868","page","type-page","status-publish","hentry"],"aioseo_notices":[],"_links":{"self":[{"href":"https:\/\/stepienybarno.es\/blog\/wp-json\/wp\/v2\/pages\/10868"}],"collection":[{"href":"https:\/\/stepienybarno.es\/blog\/wp-json\/wp\/v2\/pages"}],"about":[{"href":"https:\/\/stepienybarno.es\/blog\/wp-json\/wp\/v2\/types\/page"}],"author":[{"embeddable":true,"href":"https:\/\/stepienybarno.es\/blog\/wp-json\/wp\/v2\/users\/2"}],"replies":[{"embeddable":true,"href":"https:\/\/stepienybarno.es\/blog\/wp-json\/wp\/v2\/comments?post=10868"}],"version-history":[{"count":7,"href":"https:\/\/stepienybarno.es\/blog\/wp-json\/wp\/v2\/pages\/10868\/revisions"}],"predecessor-version":[{"id":12158,"href":"https:\/\/stepienybarno.es\/blog\/wp-json\/wp\/v2\/pages\/10868\/revisions\/12158"}],"up":[{"embeddable":true,"href":"https:\/\/stepienybarno.es\/blog\/wp-json\/wp\/v2\/pages\/10831"}],"wp:attachment":[{"href":"https:\/\/stepienybarno.es\/blog\/wp-json\/wp\/v2\/media?parent=10868"}],"curies":[{"name":"wp","href":"https:\/\/api.w.org\/{rel}","templated":true}]}}