{"id":12794,"date":"2014-04-02T11:16:40","date_gmt":"2014-04-02T09:16:40","guid":{"rendered":"https:\/\/www.stepienybarno.es\/blog\/?page_id=12794"},"modified":"2014-04-02T11:16:40","modified_gmt":"2014-04-02T09:16:40","slug":"proyectos-syb","status":"publish","type":"page","link":"https:\/\/stepienybarno.es\/blog\/proyectos-syb\/","title":{"rendered":"Proyectos  SYB"},"content":{"rendered":"<p align=\"left\">Desde el 2004 hemos tenido la suerte de realizar bastantes proyectos de arquitectura y de tipo muy diverso. Por suerte, estar ubicados en un peque\u00f1o pueblo y comenzar nuestra andadura antes de la crisis nos posibilit\u00f3 el acceso a bonitos encargos. A su vez, durante los a\u00f1os de m\u00e1s intensidad 2004-2009, ganamos varios concursos y nuestra obra fue publicada, as\u00ed que, no nos podemos quejar.<\/p>\n<p align=\"left\">Aqu\u00ed van algunos de nuestros proyectos:<\/p>\n<p align=\"center\"><strong><a href=\"https:\/\/stepienybarno.es\/blog\/2010\/01\/06\/ampliacion-de-colegio-publico-en-oteiza-de-la-solana\/\">AMPLIACION DE COLEGIO PUBLICO EN OTEIZA DE LA SOLANA<\/a><\/strong><\/p>\n<p align=\"center\"><strong><a href=\"http:\/\/fundacion.arquia.es\/concursos\/proxima\/ProximaRealizacion\/FichaDetalle?idrealizacion=2676\">PABELLON DE VESTUARIOS DE MERKATONDOA<\/a><\/strong><\/p>\n<p align=\"center\"><strong><a href=\"http:\/\/fundacion.arquia.es\/concursos\/proxima\/ProximaRealizacion\/FichaDetalle?idrealizacion=2742\">2 VIVIENDAS UNIFAMILIARES EN IRACHE<\/a><\/strong><\/p>\n<p align=\"center\"><strong><a href=\"http:\/\/fundacion.arquia.es\/concursos\/proxima\/ProximaRealizacion\/FichaDetalle?idrealizacion=2755\">CASA RIMA &#8211; IRACHE<\/a><\/strong><\/p>\n<p align=\"center\"><strong><a href=\"http:\/\/fundacion.arquia.es\/concursos\/proxima\/ProximaRealizacion\/FichaDetalle?idrealizacion=2688\">CENTRO EDUCACIONAL EN LAS BARDENAS REALES<\/a><\/strong><\/p>\n<p align=\"center\"><strong><a href=\"http:\/\/fundacion.arquia.es\/concursos\/proxima\/ProximaRealizacion\/FichaDetalle?idrealizacion=2695\">CONCURSO PARA CIUDAD DEPORTIVA<\/a><\/strong><\/p>\n<p align=\"left\">\n<p align=\"left\">\n<blockquote>\n<p align=\"left\">* La mayor\u00eda de ellos est\u00e1n realizados en colaboraci\u00f3n con el aparejador de formaci\u00f3n y arquitectos de vocaci\u00f3n, Jos\u00e9 Manuel Etayo.<\/p>\n<\/blockquote>\n","protected":false},"excerpt":{"rendered":"<p>Desde el 2004 hemos tenido la suerte de realizar bastantes<\/p>\n","protected":false},"author":2,"featured_media":0,"parent":0,"menu_order":0,"comment_status":"open","ping_status":"closed","template":"","meta":{"om_disable_all_campaigns":false,"_monsterinsights_skip_tracking":false,"_monsterinsights_sitenote_active":false,"_monsterinsights_sitenote_note":"","_monsterinsights_sitenote_category":0,"_uf_show_specific_survey":0,"_uf_disable_surveys":false,"episode_type":"","audio_file":"","cover_image":"","cover_image_id":"","duration":"","filesize":"","date_recorded":"","explicit":"","block":"","filesize_raw":"","footnotes":""},"class_list":["post-12794","page","type-page","status-publish","hentry"],"aioseo_notices":[],"_links":{"self":[{"href":"https:\/\/stepienybarno.es\/blog\/wp-json\/wp\/v2\/pages\/12794"}],"collection":[{"href":"https:\/\/stepienybarno.es\/blog\/wp-json\/wp\/v2\/pages"}],"about":[{"href":"https:\/\/stepienybarno.es\/blog\/wp-json\/wp\/v2\/types\/page"}],"author":[{"embeddable":true,"href":"https:\/\/stepienybarno.es\/blog\/wp-json\/wp\/v2\/users\/2"}],"replies":[{"embeddable":true,"href":"https:\/\/stepienybarno.es\/blog\/wp-json\/wp\/v2\/comments?post=12794"}],"version-history":[{"count":2,"href":"https:\/\/stepienybarno.es\/blog\/wp-json\/wp\/v2\/pages\/12794\/revisions"}],"predecessor-version":[{"id":12796,"href":"https:\/\/stepienybarno.es\/blog\/wp-json\/wp\/v2\/pages\/12794\/revisions\/12796"}],"wp:attachment":[{"href":"https:\/\/stepienybarno.es\/blog\/wp-json\/wp\/v2\/media?parent=12794"}],"curies":[{"name":"wp","href":"https:\/\/api.w.org\/{rel}","templated":true}]}}