{"id":12802,"date":"2014-04-02T11:23:34","date_gmt":"2014-04-02T09:23:34","guid":{"rendered":"https:\/\/www.stepienybarno.es\/blog\/?page_id=12802"},"modified":"2014-04-20T18:07:09","modified_gmt":"2014-04-20T16:07:09","slug":"cursos-online-syb","status":"publish","type":"page","link":"https:\/\/stepienybarno.es\/blog\/cursos-online-syb\/","title":{"rendered":"Cursos online SYB"},"content":{"rendered":"<p>Son varios los cursos que hemos realizado sobre Identidad digital y, sin duda, seguiremos con ellos.<\/p>\n<p align=\"left\"><span style=\"font-size: 7.5pt; line-height: 150%; font-family: Georgia; background-position: initial initial; background-repeat: initial initial;\">Acceder: <a href=\"https:\/\/stepienybarno.es\/blog\/2014\/02\/13\/ultima-plaza-para-nuestro-curso-online-de-identidad-digital-para-arquitectos\/\">https:\/\/stepienybarno.es\/blog\/2014\/02\/13\/ultima-plaza-para-nuestro-curso-online-de-identidad-digital-para-arquitectos\/<\/a><\/span><\/p>\n<blockquote>\n<p align=\"left\"><strong><span style=\"color: #ff6600;\">PRESENTACI\u00d3N<\/span><\/strong><\/p>\n<p align=\"left\"><strong><span style=\"color: #ff6600;\">M\u00d3DULO 1 _ IDENTIDAD DIGITAL<\/span><\/strong><\/p>\n<p align=\"left\">1.1 IDENTIDAD DIGITAL y PROYECTOS DE IDENTIDAD DIGITAL<\/p>\n<p align=\"left\">1.2 CONCEPTOS DE IDENTIDAD DIGITAL: Visibilidad, relevancia, popularidad y huella digital<\/p>\n<p align=\"left\">1.3 MARCA<\/p>\n<p align=\"left\"><strong><span style=\"color: #ff6600;\">M\u00d3DULO 2 _ ESTRATEGIA EMPRESARIAL<\/span><\/strong><\/p>\n<p align=\"left\">2.1 EMPRESA: ideas claves de de estrategia empresarial.<\/p>\n<p align=\"left\">2.2 CANVAS + MEJORA PRODUCTIVIDAD<\/p>\n<p align=\"left\">2.3 FORTALEZAS Y DEBILIDADES<\/p>\n<p align=\"left\"><strong><span style=\"color: #ff6600;\">M\u00d3DULO 3 _ COMUNICACI\u00d3N ONLINE<\/span><\/strong><\/p>\n<p align=\"left\">3.1 ESTRATEGIAS DE COMUNICACI\u00d3N ONLINE; Interacci\u00f3n, feedback, horizontalidad<\/p>\n<p align=\"left\">3.2 WEB Y BLOG<\/p>\n<p align=\"left\">3.3 REDES SOCIALES; Facebook, Twitter y Linkedin<\/p>\n<p align=\"left\"><strong><span style=\"color: #ff6600;\">CONCLUSI\u00d3N<\/span><\/strong><\/p>\n<\/blockquote>\n<p align=\"left\">\n<p>El \u00faltimo que realizamos nos dej\u00f3 m\u00e1s que contentos y est\u00e1s son las opiniones de algunos de nuestros alumnos:<\/p>\n<blockquote>\n<p align=\"left\">\u201cLo que m\u00e1s te ha gustado del curso ha sido su contenido, o mejor dicho la suma y combinaci\u00f3n de los contenidos. La estructura ordenada de los mismos y la jerarqu\u00eda en niveles de acercamiento. La cercan\u00eda de Stepienybarno en sus v\u00eddeos y sus mensajes infalibles.<\/p>\n<p align=\"left\">La claridad y sencillez de vuestros textos, los cuales tienen un tono, un ritmo y un metraje estupendo.\u201d <span style=\"color: #ff6600;\">Ver\u00f3nica S\u00e1nchez (n\u00b4UNDO)<\/span><\/p>\n<p align=\"left\">\u201cMe ha gustado todo, tanto el material que Stepienybarno ha aportado como la energ\u00eda de la gente que ha participado en el mismo. Stepienybarno como facilitadores han estado muy bien, muy pendientes de todo y de todos.\u201d <span style=\"color: #ff6600;\">Aintzane del Rio Pereda<\/span><\/p>\n<p align=\"left\">\u201cLo que m\u00e1s me ha gustado del curso es por un lado la visi\u00f3n general y por otro la visi\u00f3n optimista, tambi\u00e9n la posibilidad de enlazar y enlazar p\u00e1ginas con m\u00e1s y m\u00e1s informaci\u00f3n. \u00a0 Me encanta como Stepienybarno ha \u00a0estructurado el curso, preparado la web (muy clara) y sobretodo la fuerza y alegr\u00eda que derrochan, se transmite, y es de agradecer en los tiempos que corren. Los v\u00eddeos para comenzar el d\u00eda eran un subid\u00f3n para afrontar la jornada laboral y los contenidos; claros, concisos y muy pr\u00e1cticos. Me ha devuelto la fe en la arquitectura y los arquitectos, la visi\u00f3n que hab\u00e9is dado de colaboraci\u00f3n, eterno aprendizaje y compartir huyendo de la competitividad t\u00edpica del sector ha sido para m\u00ed lo mejor de todo. Un diez.\u201d <span style=\"color: #ff6600;\">Mar\u00eda Camba<\/span><\/p>\n<p align=\"left\">\u201cMe ha gustado la visi\u00f3n global y perfectamente estructurada de todo lo que significa la Identidad Digital y c\u00f3mo llevarlo a cabo. La labor de Stepienybarno ha sido impecable, siempre atentos a todo lo que necesit\u00e1bamos. He sentido el curso como si no fuera On-line, c\u00f3mo si nos vi\u00e9ramos en persona y los v\u00eddeos de presentaci\u00f3n a primera hora de la ma\u00f1ana geniales para empezar con \u00e1nimo el d\u00eda! \ud83d\ude09 Todo ha estado perfectamente estructurado y claro para que nosotros pudi\u00e9ramos digerirlo bien a pesar de la gran cantidad de material que nos ha hecho llegar Stepienybarno. Un 10!\u201d <span style=\"color: #ff6600;\">Pablo Iranzo<\/span><\/p>\n<p align=\"left\">\n<p align=\"left\">\u201cDe Stepienybarno destacar\u00eda la gran aportaci\u00f3n de material que nos han dado, segmentado por tem\u00e1ticas. Se iba desde lo general (como es justo en un curso abierto a personas con varios niveles de conocimiento sobre el tema de la Identidad Digital, incluso nulos) a lo particular sin mucha redundancia\u201d <span style=\"color: #ff6600;\">Valentina Pina<\/span>, Community Manager y cofundadora de ARACMED.<\/p>\n<p align=\"left\">\n<p align=\"left\">Destaco la dedicaci\u00f3n y el cari\u00f1o con el que se nota que Stepienybarno han organizado todo\u2026 metiendo ca\u00f1a cuando hacia falta y animando, muy buenos\u201d <span style=\"color: #ff6600;\">Aitor Gurtubay.<\/span><\/p>\n<p align=\"left\">\n<p align=\"left\">\u201cLa visi\u00f3n integral del curso me ha encantado. Como se han integrado los tremas de identidad, empresa, gesti\u00f3n de tiempos, social media, comunicaci\u00f3n\u2026 Da las claves en todo desde una perspectiva global.<\/p>\n<p align=\"left\">La labor de Stepienybarno ha sido Perfecta! Al pi\u00e9 del ca\u00f1\u00f3n, siempre presentes, atentos, cercanos\u2026\u201d <span style=\"color: #ff6600;\">Anartz Ormaza<\/span><\/p>\n<p align=\"left\">\n<p align=\"left\">\u201cDestacar\u00eda la gran cantidad de material suministrado, y que todo sea muy \u00fatil e interesante! A su vez, me gust\u00f3 la cercan\u00eda y la actitud positiva de Stepienybarno.\u201d <span style=\"color: #ff6600;\">Ana Salido<\/span><\/p>\n<p align=\"left\">\n<p align=\"left\">\u201cMe gust\u00f3 la cercan\u00eda y el cari\u00f1o con el que se nota que Stepienybarno\u00a0 ha organizado el curso. Han cumplido con los objetivos del curso con plena satisfacci\u00f3n.\u201d <span style=\"color: #ff6600;\">Menchu S\u00edo.<\/span><\/p>\n<p align=\"left\">\n<p align=\"left\">\u201cDestacar del curso la flexibilidad, la organizaci\u00f3n, los contenidos, la variedad, posts, blogs, uno no se aburre!! Es ameno, divertido! la cercan\u00eda de Stepienybarno! la pasi\u00f3n y el entusiasmo que se contagian!. Siempre disponibles y animadores! enhorabuena esta genial<\/p>\n<p align=\"left\">\u00a1El cuso ha estado perfecto!\u201d <span style=\"color: #ff6600;\">\u00c1ngela Ruiz<\/span><\/p>\n<p align=\"left\"><strong> <\/strong><\/p>\n<p align=\"left\">\u201cMe han gustado mucho las exposiciones directas de Stepienybarno. Su labor ha sido impecable\u201d <span style=\"color: #ff6600;\">Ricardo Higueras.<\/span><\/p>\n<\/blockquote>\n","protected":false},"excerpt":{"rendered":"<p>Son varios los cursos que hemos realizado sobre Identidad digital<\/p>\n","protected":false},"author":2,"featured_media":0,"parent":0,"menu_order":0,"comment_status":"open","ping_status":"closed","template":"","meta":{"om_disable_all_campaigns":false,"_monsterinsights_skip_tracking":false,"_monsterinsights_sitenote_active":false,"_monsterinsights_sitenote_note":"","_monsterinsights_sitenote_category":0,"_uf_show_specific_survey":0,"_uf_disable_surveys":false,"episode_type":"","audio_file":"","cover_image":"","cover_image_id":"","duration":"","filesize":"","date_recorded":"","explicit":"","block":"","filesize_raw":"","footnotes":""},"class_list":["post-12802","page","type-page","status-publish","hentry"],"aioseo_notices":[],"_links":{"self":[{"href":"https:\/\/stepienybarno.es\/blog\/wp-json\/wp\/v2\/pages\/12802"}],"collection":[{"href":"https:\/\/stepienybarno.es\/blog\/wp-json\/wp\/v2\/pages"}],"about":[{"href":"https:\/\/stepienybarno.es\/blog\/wp-json\/wp\/v2\/types\/page"}],"author":[{"embeddable":true,"href":"https:\/\/stepienybarno.es\/blog\/wp-json\/wp\/v2\/users\/2"}],"replies":[{"embeddable":true,"href":"https:\/\/stepienybarno.es\/blog\/wp-json\/wp\/v2\/comments?post=12802"}],"version-history":[{"count":10,"href":"https:\/\/stepienybarno.es\/blog\/wp-json\/wp\/v2\/pages\/12802\/revisions"}],"predecessor-version":[{"id":13098,"href":"https:\/\/stepienybarno.es\/blog\/wp-json\/wp\/v2\/pages\/12802\/revisions\/13098"}],"wp:attachment":[{"href":"https:\/\/stepienybarno.es\/blog\/wp-json\/wp\/v2\/media?parent=12802"}],"curies":[{"name":"wp","href":"https:\/\/api.w.org\/{rel}","templated":true}]}}