{"id":12911,"date":"2014-04-06T21:39:26","date_gmt":"2014-04-06T19:39:26","guid":{"rendered":"https:\/\/www.stepienybarno.es\/blog\/?page_id=12911"},"modified":"2014-05-04T21:09:29","modified_gmt":"2014-05-04T19:09:29","slug":"sobre-syb","status":"publish","type":"page","link":"https:\/\/stepienybarno.es\/blog\/sobre-syb\/","title":{"rendered":"Sobre SyB"},"content":{"rendered":"<blockquote>\n<p align=\"left\"><span style=\"color: #ff6600;\"><strong>Daniel Ayala<\/strong><strong> <\/strong>(Recolectores Urbanos):<\/span><\/p>\n<p align=\"left\">Agnieszka Stepien y Lorenzo Barn\u00f3 han sabido labrar una s\u00f3lida carrera en estos a\u00f1os de transformaci\u00f3n de la profesi\u00f3n de arquitecto. M\u00e1s all\u00e1 de su producci\u00f3n arquitect\u00f3nica, Stepien&amp;Barno han explorado las posibilidades de las nuevas tecnolog\u00edas de la informaci\u00f3n y comunicaci\u00f3n nos ofrecen, introduciendo conceptos como el de Identidad Digital al resto de la profesi\u00f3n.<\/p>\n<p align=\"left\">Su labor durante estos a\u00f1os, iniciada con el blog, ha ido creciendo a\u00f1o a a\u00f1o abarcando desde la consultor\u00eda en Identidad Digital, colaboraciones con otros Proyectos digitales, organizaci\u00f3n de jornadas y congresos o el desarrollo de numerosas experiencias docentes. \u00a0Mientras esto se produc\u00eda, han sabido consolidar una presencia digital que sirve de ejemplo a otros muchos profesionales que si inician en el sector.<\/p>\n<p align=\"left\">Sin duda, el equipo de profesionales que forman Stepien&amp;Barno son un claro referente para la transici\u00f3n 2.0 que deben sufrir los estudios de arquitectura.<\/p>\n<p align=\"left\"><strong><span style=\"color: #ff6600;\">Francisco Camino:<\/span><\/strong><\/p>\n<p align=\"left\">Agnieska Stepien y Lorenzo Barn\u00f3 son dos j\u00f3venes arquitectos y \u201cmuchas cosas m\u00e1s\u201d. Desde la peque\u00f1a Estella trabajan, investigan, innovan y sobre todo, comunican compartiendo. En muy pocos a\u00f1os se han convertido en una de las parejas m\u00e1s influyentes del mundo en el campo de la arquitectura.<\/p>\n<p align=\"left\">En la depresiva situaci\u00f3n actual, SyB aportan informaci\u00f3n, opini\u00f3n, nuevas v\u00edas de trabajo y sobre todo ilusi\u00f3n. Su blog, \u201cEl Blog de Stepien y Barn\u00f3\u201d adem\u00e1s de ser uno de los m\u00e1s influyentes, es de obligada visita diaria para los j\u00f3venes arquitectos y, poco a poco, para los maduros.<\/p>\n<p align=\"left\">Sin estridencias, sin grandes alardes, con rigor y con mucha serenidad,\u00a0 difunden\u00a0 arquitectura y otras disciplinas pr\u00f3ximas a ella; alentan investigaciones; fomentan debates; descubren nuevos modelos.<\/p>\n<p align=\"left\">Sin romper con lo bueno de la tradici\u00f3n arquitect\u00f3nica, han transformado la comunicaci\u00f3n en la arquitectura y, en cierto modo, est\u00e1n empezando a cambiar la arquitectura.<\/p>\n<p align=\"left\">Siempre me he sentido muy orgulloso de haber estado pr\u00f3ximo a determinadas figuras destacadas de la arquitectura. Hoy, estoy muy orgulloso de estar pr\u00f3ximo a Stepien y Barno, de haber colaborado con ellos\u2026\u2026Por lo mucho que he aprendido y por lo mucho que pienso seguir aprendiendo.<\/p>\n<p><strong><span style=\"color: #ff6600;\">Carlos Pereda de Pereda+Perez arquitectos<\/span><\/strong><\/p>\n<p>A Stepien y Barn\u00f3 los descubr\u00ed en la \u201cdistancia infinita\u201d de la red, pero cuando los conoc\u00ed supe que siempre estar\u00edan cerca. De ellos, solo decir que, en la tarea diaria, donde los arquitectos, con nuestros trabajos, nuestros proyectos, nuestras investigaciones, nuestros textos y dem\u00e1s \u201cactividades\u201d y \u201cventanas\u201d con los que vamos dando forma a este \u201cvolumen\u201d cultural arquitect\u00f3nico que define nuestro tiempo, ellos son unos \u201caglomerantes\u201d imprescindibles. A lo largo de estos a\u00f1os, s\u00f3lo puedo decir que me siento afortunado de comunicarme con ellos tan cerca y que personas y arquitectos como ellos nos mejoran.<\/p>\n<p align=\"left\"><strong><span style=\"color: #ff6600;\">Mar Melgarejo de Sonrisa Docencia:<\/span><\/strong><\/p>\n<p align=\"left\"><span style=\"color: #333333;\">Para mi, Stepienybarno sois: Inspiraci\u00f3n porque todo el conocimiento que divulg\u00e1is sirve para nuestro trabajo en todos los \u00e1mbitos&#8230; Referencia porque sois una referencia profesional; como reinterpretarse y como hacerse un hueco en el mundo con sobresaliente&#8230; Siendo los mejores en vuestro \u00e1mbito&#8230; Y frescura porque eso es lo que trasmit\u00eds con vuestros contenidos y vuestra manera de contarlos&#8230; Sois cercanos; y contagiosos!!!! <\/span><\/p>\n<p align=\"left\"><span style=\"color: #ff6600;\"><strong>Semis\u00f3tano Arqutiectos<\/strong>, Dolores Victoria Ruiz y Juan Jos\u00e9 Ruiz:<\/span><\/p>\n<p align=\"left\">Con Stepien y Barno hemos aprendido que la Identidad Digital de una empresa no difiere mucho de la suma o combinaci\u00f3n de identidades de sus socios. Las empresas est\u00e1n formadas por personas con sue\u00f1os, habilidades, opiniones, ideas\u2026 y eso es lo que ellos nos empujan a mostrar en la ventana de la red. Pensamos que este enfoque claramente humanista en el tratamiento de la Identidad Digital es lo que hace diferentes a Lorenzo y Agnieska. Lorenzo y Agnieska consiguen que cada reuni\u00f3n de trabajo sea como quedar a tomar caf\u00e9 con amigos<\/p>\n<p align=\"left\">Con Stepien y Barno hemos aprendido que la Identidad Digital de una empresa no difiere mucho de la suma o combinaci\u00f3n de identidades de sus socios. Las empresas est\u00e1n formadas por personas con sue\u00f1os, habilidades, opiniones, ideas\u2026 y eso es lo que ellos nos empujan a mostrar en la ventana de la red. Pensamos que este enfoque claramente humanista en el tratamiento de la Identidad Digital es lo que hace diferentes a Lorenzo y Agnieska. Lorenzo y Agnieska consiguen que cada reuni\u00f3n de trabajo sea como quedar a tomar caf\u00e9 con amigos.<\/p>\n<p><strong><span style=\"color: #ff6600;\">Manuel Saga de Urbs _ Revista de Estudios Urbanos y Ciencias Sociales:<\/span><\/strong><\/p>\n<p align=\"left\">\u201cCuando pienso en \u00a0Stepienybarno me viene a la mente:<\/p>\n<p align=\"left\">Honestidad\u00a0para aportar un punto de vista propio a trav\u00e9s del trabajo editorial, apoyando aquello que se considera interesante; ayudando a los dem\u00e1s a construir su identidad digital al tiempo que consolid\u00e1is la vuestra propia.<\/p>\n<p align=\"left\">Cercan\u00eda\u00a0en el trato, se busca un cierto nivel intelectual, pero hab\u00e9is creado un espacio donde se permite la duda, el atrevimiento y la equivocaci\u00f3n. Aprender a acertar es saber equivocarse bien.<\/p>\n<p align=\"left\">Y\u00a0Serenidad, para no imponer los criterios propios, para aceptar en el espacio de debate ideas bien distintas y saber moderarlas sin que nadie se sienta ofendido. Saber que la identidad digital no es algo que se construya en una semana; las modas pasajeras pasan r\u00e1pido, pero vosotros sois el ejemplo viviente de que es el trabajo duro y tranquilo, sin af\u00e1n, el que lleva a grandes metas sin vender el alma por el camino.\u201d<\/p>\n<p align=\"left\"><span style=\"color: #ff6600;\"><strong>AB positivo 3D<\/strong>:\u00a0Quique Cestrilli:<\/span><\/p>\n<p align=\"left\">Stepienybarno son \u00a0pioneros en el desarrollo de Identidad Digital en el campo de la arquitectura. Su contribuci\u00f3n a la profesi\u00f3n, tanto desde las conferencias hasta su blog, son un aporte imprescindible para el desarrollo profesional de dise\u00f1adores y arquitectos.<\/p>\n<p align=\"left\"><span style=\"color: #ff6600;\"><strong>Uxua Domblas<\/strong> de Arkititiriteros _ <\/span>desde Linkedin:<\/p>\n<p align=\"left\">\u201cCon Stepienybarno he aprendido a valorar la arquitectura de manera responsable, comprometida con la naturaleza y las personas. Seriedad, constancia y pasi\u00f3n, son los ingredientes de su plato estrella siempre acompa\u00f1ados de optimismo en un ambiente \u00fanico. Como amantes de las nuevas tecnolog\u00edas, el espacio hibridado que les envuelve hace que trabajo y vida se mezclen en una disoluci\u00f3n perfecta que me encanta.\u201d<\/p>\n<p><strong><span style=\"color: #ff6600;\">Ana Asensio _ The \u00a0AAAAMagazine:<\/span><\/strong><\/p>\n<p>\u201cTres ideas para definir a Stepienybarno:<\/p>\n<p>&#8211; Viento: porque sois inquietos, curiosos, constantes, porque no establec\u00e9is ning\u00fan l\u00edmite, ni barrera, ni destino. Porque persegu\u00eds lo desconocido.<\/p>\n<p>&#8211; Mar: porque sois fuertes, pero transparentes. Porque os gan\u00e1is el respeto, pero a la vez transmit\u00eds calma.<\/p>\n<p>&#8211; Casa: Porque para m\u00ed hab\u00e9is creado un hogar para la arquitectura. Una p\u00e1gina que ha conseguido invitarnos a todos a pasar y sentarnos, a mirar y curiosear en vuestros cajones llenos de historias. Hab\u00e9is convertido el debate de la arquitectura en algo cotidiano y ameno. S\u00f3lo os falta una fogata y un gato para que no salgamos nunca m\u00e1s!\u201d<\/p>\n<p align=\"left\"><span style=\"color: #ff6600;\"><strong>Miguel \u00c1ngel D\u00edaz Camacho<\/strong> _\u00a0<a href=\"http:\/\/www.madc-arquitectos.com\/\">MADC<\/a>:<\/span><\/p>\n<p align=\"left\">\u201cEl trabajo de Stepienybarno ha sido de vital importancia para la asociaci\u00f3n de arquitectura y sosteniblidad ASA (la mayor asociaci\u00f3n de arquitectos de Espa\u00f1a), consciente de que una de sus misiones esenciales se basa en la comunicaci\u00f3n y difusi\u00f3n de sus principios fundacionales.<\/p>\n<p align=\"left\">Los canales en la red de ASA son atendidos con puntualidad y continuidad, se responde e interact\u00faa con las personas que preguntan y se interesan por la asociaci\u00f3n, siempre desde el contacto permanente con la junta directiva y, por lo tanto, de forma coherente con los valores de ASA.<\/p>\n<p align=\"left\">Stepienybarno supone una garant\u00eda para la intensificaci\u00f3n en cantidad y calidad de nuestra presencia en la red\u201d.<\/p>\n<\/blockquote>\n","protected":false},"excerpt":{"rendered":"<p>Daniel Ayala (Recolectores Urbanos): Agnieszka Stepien y Lorenzo Barn\u00f3 han<\/p>\n","protected":false},"author":2,"featured_media":0,"parent":0,"menu_order":0,"comment_status":"open","ping_status":"closed","template":"","meta":{"om_disable_all_campaigns":false,"_monsterinsights_skip_tracking":false,"_monsterinsights_sitenote_active":false,"_monsterinsights_sitenote_note":"","_monsterinsights_sitenote_category":0,"_uf_show_specific_survey":0,"_uf_disable_surveys":false,"episode_type":"","audio_file":"","cover_image":"","cover_image_id":"","duration":"","filesize":"","date_recorded":"","explicit":"","block":"","filesize_raw":"","footnotes":""},"class_list":["post-12911","page","type-page","status-publish","hentry"],"aioseo_notices":[],"_links":{"self":[{"href":"https:\/\/stepienybarno.es\/blog\/wp-json\/wp\/v2\/pages\/12911"}],"collection":[{"href":"https:\/\/stepienybarno.es\/blog\/wp-json\/wp\/v2\/pages"}],"about":[{"href":"https:\/\/stepienybarno.es\/blog\/wp-json\/wp\/v2\/types\/page"}],"author":[{"embeddable":true,"href":"https:\/\/stepienybarno.es\/blog\/wp-json\/wp\/v2\/users\/2"}],"replies":[{"embeddable":true,"href":"https:\/\/stepienybarno.es\/blog\/wp-json\/wp\/v2\/comments?post=12911"}],"version-history":[{"count":10,"href":"https:\/\/stepienybarno.es\/blog\/wp-json\/wp\/v2\/pages\/12911\/revisions"}],"predecessor-version":[{"id":12914,"href":"https:\/\/stepienybarno.es\/blog\/wp-json\/wp\/v2\/pages\/12911\/revisions\/12914"}],"wp:attachment":[{"href":"https:\/\/stepienybarno.es\/blog\/wp-json\/wp\/v2\/media?parent=12911"}],"curies":[{"name":"wp","href":"https:\/\/api.w.org\/{rel}","templated":true}]}}