{"id":144,"date":"2009-04-30T07:11:44","date_gmt":"2009-04-30T05:11:44","guid":{"rendered":"https:\/\/www.stepienybarno.es\/blog\/?page_id=144"},"modified":"2009-05-23T20:55:27","modified_gmt":"2009-05-23T18:55:27","slug":"dcpp","status":"publish","type":"page","link":"https:\/\/stepienybarno.es\/blog\/a-r-q-u-i-e-n-t-r-e-v-i-s-t-a-s\/dcpp\/","title":{"rendered":"DCPP &#8211; publicada"},"content":{"rendered":"<table border=\"0\" width=\"750\">\n<tbody>\n<tr>\n<td width=\"386\">\n<p style=\"text-align: left;\">Desde aqu\u00ed podr\u00e1s acceder a la presentaci\u00f3n y la entrevista con DCPP:<\/p>\n<p style=\"text-align: left;\">\n<p style=\"text-align: left;\">\n<p style=\"text-align: left;\">\n<p style=\"text-align: center;\">\n<p style=\"text-align: center;\">\n<\/td>\n<td rowspan=\"6\" width=\"354\"><a href=\"https:\/\/stepienybarno.es\/blog\/wp-content\/uploads\/2009\/05\/squ041-int.jpg\"><img loading=\"lazy\" decoding=\"async\" class=\"aligncenter size-full wp-image-388\" title=\"squ041-int\" src=\"https:\/\/stepienybarno.es\/blog\/wp-content\/uploads\/2009\/05\/squ041-int.jpg\" alt=\"squ041-int\" width=\"350\" height=\"350\" srcset=\"https:\/\/stepienybarno.es\/blog\/wp-content\/uploads\/2009\/05\/squ041-int.jpg 350w, https:\/\/stepienybarno.es\/blog\/wp-content\/uploads\/2009\/05\/squ041-int-180x180.jpg 180w, https:\/\/stepienybarno.es\/blog\/wp-content\/uploads\/2009\/05\/squ041-int-224x224.jpg 224w, https:\/\/stepienybarno.es\/blog\/wp-content\/uploads\/2009\/05\/squ041-int-316x316.jpg 316w\" sizes=\"(max-width: 350px) 100vw, 350px\" \/><\/a><\/td>\n<\/tr>\n<tr>\n<td><a href=\"https:\/\/stepienybarno.es\/blog\/?p=381\">[PRESENTACI\u00d3N]<\/a><\/td>\n<\/tr>\n<tr>\n<td><\/td>\n<\/tr>\n<tr>\n<td>[ENTREVISTA]<\/p>\n<p>&#8211; <a href=\"https:\/\/stepienybarno.es\/blog\/?p=387\">PARTE 1<\/a><\/p>\n<p>&#8211; <a href=\"https:\/\/stepienybarno.es\/blog\/?p=391\">PARTE 2<\/a><\/td>\n<\/tr>\n<tr>\n<td><\/td>\n<\/tr>\n<tr>\n<td><a href=\"http:\/\/www.dcpparquitectos.com\/\">[SU P\u00c1GINA WEB]<\/a><\/td>\n<\/tr>\n<\/tbody>\n<\/table>\n<p>PRESENTACION:<\/p>\n<p>Pablo P\u00e9rez Palacios y Alfonso de la Concha Rojas fundan el <span style=\"color: #ff0000;\">estudio de arquitectura DCPP<\/span> en\u00a0 el a\u00f1o 2006.<\/p>\n<p>El \u00e9xito de esta asociaci\u00f3n puede residir en c\u00f3mo dos personalidades y trayectorias tan distintas\u00a0 pueden llegar a complementarse, para desde esta uni\u00f3n provocar una autentica sinergia arquitect\u00f3nica.<\/p>\n<p>Estos jovenc\u00edsimos arquitectos prestan especial atenci\u00f3n a buscar una idea rectora que gu\u00ede el desarrollo del proyecto. Este concepto principal ha de ser capaz de maclar los conceptos que en \u00e9l aparecer\u00e1n, con las verdaderas necesidades del cliente. Para ellos la clave es ir descubriendo c\u00f3mo es la forma de ser de quien habitar\u00e1 su arquitectura, para que \u00e9sta de verdad surja como una consecuencia de todo lo anteriormente dicho y no como\u00a0 un c\u00famulo de ideas preconcebidas.<\/p>\n<p>Dos de sus proyectos m\u00e1s interesantes los pod\u00e9is ver explicados en la revista digital dezeen;<\/p>\n<p>Casa Paracaima <span style=\"color: #333333;\">_ <\/span><a href=\"http:\/\/www.dezeen.com\/2009\/01\/13\/casa-paracaima-by-dcpp-arquitectos\/\"><span style=\"color: #333333;\">http:\/\/www.dezeen.com\/2009\/01\/13\/casa-paracaima-by-dcpp-arquitectos\/<\/span><\/a><\/p>\n<p>Almacenes Bayon Artell <span style=\"color: #333333;\">_ <\/span><a href=\"http:\/\/www.dezeen.com\/2009\/01\/11\/bayon-artell-by-dcpp-arquitectos\/\"><span style=\"color: #333333;\">http:\/\/www.dezeen.com\/2009\/01\/11\/bayon-artell-by-dcpp-arquitectos\/<\/span><\/a><\/p>\n<p>Y para quien quiera visitar su web: <a href=\"http:\/\/www.dcpparquitectos.com\/\"><span style=\"color: #333333;\">http:\/\/www.dcpparquitectos.com\/<\/span><\/a><\/p>\n<p><a href=\"https:\/\/stepienybarno.es\/blog\/wp-content\/uploads\/2009\/05\/230-int.jpg\"><img loading=\"lazy\" decoding=\"async\" class=\"aligncenter size-full wp-image-382\" title=\"230-int\" src=\"https:\/\/stepienybarno.es\/blog\/wp-content\/uploads\/2009\/05\/230-int.jpg\" alt=\"230-int\" width=\"350\" height=\"440\" srcset=\"https:\/\/stepienybarno.es\/blog\/wp-content\/uploads\/2009\/05\/230-int.jpg 350w, https:\/\/stepienybarno.es\/blog\/wp-content\/uploads\/2009\/05\/230-int-143x180.jpg 143w, https:\/\/stepienybarno.es\/blog\/wp-content\/uploads\/2009\/05\/230-int-316x397.jpg 316w\" sizes=\"(max-width: 350px) 100vw, 350px\" \/><\/a><\/p>\n<p>ENTREVISTA:<\/p>\n<p><span style=\"color: #ff0000;\">&#8211; \u00bfC\u00f3mo empez\u00f3 vuestra aventura arquitect\u00f3nica?<\/span><\/p>\n<p>Pablo: mi experiencia empez\u00f3 un poco de manera espont\u00e1nea, estaba inscrito en la universidad para estudiar ingenier\u00eda industrial decid\u00ed tomarme un a\u00f1o para viajar y estando viviendo en Florencia decid\u00ed que quer\u00eda ser arquitecto, tom\u00e9 un curso sin saber ni si quiera lo que era la arquitectura, al final del d\u00eda creo que ella me descubri\u00f3 a m\u00ed.<\/p>\n<p>Alfonso: Mi contacto con\u00a0 la arquitectura comenz\u00f3 desde muy joven, cuando\u00a0 visitaba las obras de mi padre y pasaba horas viendo sus libros de arquitectura. Mis intereses siempre estuvieron centrados hacia la rama de artes pl\u00e1sticas y arquitectura. A una edad muy temprana tuve que optar por estudiar una u otra, fue una decisi\u00f3n dif\u00edcil, espero haber tomado la correcta.<\/p>\n<p><span style=\"color: #ff0000;\">&#8211; \u00bfSi tuvierais que definir el concepto de arquitectura, c\u00f3mo lo har\u00edais?<\/span><\/p>\n<p>La arquitectura es el dise\u00f1o de cuerpos est\u00e1ticos que ser\u00e1n habitados por cuerpos en movimiento.<\/p>\n<p><span style=\"color: #ff0000;\">&#8211; \u00bfC\u00f3mo valor\u00e1is \u00a0vuestra etapa universitaria? \u00bfRecord\u00e1is alg\u00fan maestro con especial cari\u00f1o?<\/span><\/p>\n<p>Pablo: es una etapa muy importante pero no indispensable es una base pero no una formaci\u00f3n<\/p>\n<p>La arquitectura verdaderamente se aprende sobretodo estudiando otras cosas.<\/p>\n<p>Tengo un recuerdo muy especial de mi tiempo en la ETSAB con Jaume Coll como profesor y en GSAPP con Ada Tolla y Guiseppe Lugano como profesores.<\/p>\n<p>Alfonso: Para m\u00ed fue una etapa de formaci\u00f3n importante ya que me abri\u00f3 el panorama a la diversidad de enfoques que se le pueden dar a la labor del arquitecto. Recuerdo con gran cari\u00f1o a Carlos Tejeda con quien tambi\u00e9n colabor\u00e9 en el \u00e1mbito profesional.<\/p>\n<p><span style=\"color: #ff0000;\">&#8211; \u00bfCuales consider\u00e1is los temas m\u00e1s importantes a la hora de proyectar?<\/span><\/p>\n<p>Los temas siempre presentes y los m\u00e1s importantes son el concepto y el usuario. Todos los proyectos que hemos hecho han surgido de una inquietud geom\u00e9trica. Nos planteamos un problema geom\u00e9trico que tiene que convertirse en un edificio que cubra\u00a0 todas las necesidades de cada proyecto.<\/p>\n<p><span style=\"color: #ff0000;\">&#8211; \u00a0\u00bfPodr\u00edais describirnos como es vuestro d\u00eda a d\u00eda? \u00bfTen\u00e9is un horario fijo de trabajo?<\/span><\/p>\n<p>Comenzamos temprano por la ma\u00f1ana y buena parte de \u00e9sta la pasamos en las obras o visitando clientes. Por la tarde estamos siempre en la oficina y gran parte del tiempo lo dedicamos a discutir las ideas. Incluso este a\u00f1o que hemos estado en diferentes pa\u00edses hemos encontrado las maneras para seguir llevando a cabo nuestras discusiones. No solemos desvelarnos constantemente, aunque cuando hay entregas es inevitable. Durante los fines de semana trabajamos en las obras los s\u00e1bados por la ma\u00f1ana y no trabajamos el resto del fin de semana a menos que haya algo urgente claro que si alguna idea interesante o vemos algo que creemos pueda tener potencial la comunicamos de inmediato o la documentamos.<\/p>\n<p><span style=\"color: #ff0000;\">&#8211; \u00a0\u00bfHasta que punto entend\u00e9is importante para vosotros viajar\u00a0 y visitar obras de arquitectura?<\/span><\/p>\n<p>Consideramos el viajar como una parte b\u00e1sica de nuestra formaci\u00f3n como arquitectos y nos solo a visitar arquitectura algunas veces hay mucho m\u00e1s que aprender en otros aspectos como la propia naturaleza.<\/p>\n<p>Las obras de arquitectura deben de ser visitadas y recorridas, ya que \u00fanicamente en fotos y planos no pueden ser totalmente apreciadas.<\/p>\n<p><span style=\"color: #ff0000;\">&#8211; \u00bfC\u00f3mo entend\u00e9is que debe ser la relaci\u00f3n cliente &#8211; arquitecto?<\/span><\/p>\n<p>Debe de haber un di\u00e1logo muy profundo muy personal que permita conocer a fondo la manera de ser del cliente \u00a0y al mismo tiempo muy profesional para \u00a0as\u00ed \u00a0poder hacer un proyecto que cumpla con sus necesidades.<\/p>\n<p><span style=\"color: #ff0000;\">&#8211; \u00bfQu\u00e9 aspectos de vuestra personalidad (virtudes y fortalezas) cre\u00e9is que se ponen de manifiesto en vuestra obra?<\/span><\/p>\n<p>Yo, Alfonso soy una persona muy ordenada y Pablo es una persona muy explosiva, Cada uno de nosotros busca reflejar su personalidad en cada proyecto. Al final nuestro trabajo habla \u00a0algo de cada uno de nosotros.<\/p>\n<p><span style=\"color: #ff0000;\">&#8211; \u00bfDe d\u00f3nde vienen vuestras influencias e inspiraciones?<\/span><\/p>\n<p>Cuando comenzamos a hacer un proyecto cada uno viene con una intenci\u00f3n en la cabeza que proviene de fuentes muy distintas, a veces del arte, naturaleza, del mundo de las im\u00e1genes, o hasta de alguna experiencia que hayamos tenido.<\/p>\n<p><span style=\"color: #ff0000;\">&#8211; \u00bfCu\u00e1les son los aspectos de otras disciplinas os influencian a la hora de proyectar?<\/span><\/p>\n<p>La manera de trabajar, el proceso en c\u00f3mo se construye una idea, la manera de documentarla, la manera de afrontar un problema todas estas ideas las usamos como referencia para abordar un proyecto tratamos que siempre haya una idea rectora y un concepto fuerte que puedo haber salido de otra cosa una vez que lo tenemos claro eso nos rige todo el proceso creativo<\/p>\n<p><span style=\"color: #ff0000;\">&#8211; \u00bfQu\u00e9 papel juega el tema de la interdisciplinariedad en vuestras propuestas?<\/span><\/p>\n<p>Nos gusta tomar referencias de otras disciplinas y trabajar \u00a0junto con ellas, tratamos de involucrar a gente que no necesariamente hace arquitectura, creo que eso enrique mucho nuestro proceso<\/p>\n<p>Y nosotros le damos \u00a0nuestra propia interpretaci\u00f3n y \u00a0lo convertirlo en un pretexto para hacer arquitectura.<\/p>\n<p><span style=\"color: #ff0000;\">&#8211; \u00bfNos recomend\u00e1is alguna lectura o libro que os haya marcado como arquitectos?<\/span><\/p>\n<p>\u201cAtmospheres\u201d de Peter Zumthor<\/p>\n<p><span style=\"color: #ff0000;\">&#8211; \u00bfC\u00f3mo entend\u00e9is el tema de la sostenibilidad a nivel general? \u00bfTen\u00e9is en cuenta criterios de sostenibilidad a la hora de proyectar?<\/span><\/p>\n<p>Es un tema que esta siempre presente en nuestras obras. Creemos que la sostenibilidad no se debe entender solo en t\u00e9rminos ecol\u00f3gicos, sino que ha de ser \u00a0un tema de coherencia entre todas las partes del proyecto.<\/p>\n<p>Nos\u00a0 saca de quicio como un edificio se considera \u201cgreen\u201d porque tiene celdas solares en la azotea, pero toda su fachada es de cristal.<\/p>\n<p><span style=\"color: #ff0000;\">&#8211; \u00bfEst\u00e1 presente el uso de nuevas tecnolog\u00edas en vuestros planteamientos?<\/span><\/p>\n<p>En los proyectos que hemos realizado hemos contado con recursos muy limitados que no nos han permitido hacer una gran investigaci\u00f3n en este campo. Sin embargo, al ser nosotros quienes construimos la mayor\u00eda de nuestros proyectos, siempre buscamos introducir en la obra elementos que nosotros dise\u00f1amos y fabricamos.<\/p>\n<p><span style=\"color: #ff0000;\">&#8211; \u00a0\u00bfC\u00f3mo viv\u00eds el tema de la crisis desde dentro del mundo de la arquitectura?<\/span><\/p>\n<p>La arquitectura \u00a0es proceso muy lento y por lo tanto m\u00e1s que fomentar un cambio responde a estos momentos hist\u00f3ricos y c\u00f3mo \u00e9stos afectan a la sociedad, por lo tanto tambi\u00e9n\u00a0 es consecuencia de los mismos.<\/p>\n<p>Actualmente estamos viviendo un cambio como el que hace mucho no ten\u00edamos. Uno debe de saber adaptarse y responder a los problemas de una manera distinta. Consideramos que la crisis es una oportunidad para reflexionar sobre los valores que son realmente importantes en la arquitectura.<\/p>\n<p><span style=\"color: #ff0000;\">&#8211; \u00bfCu\u00e1les son vuestras expectativas, planes y metas para el futuro?<\/span><\/p>\n<p>Hasta la fecha, todos nuestros proyectos han sido por encargo de clientes. Este a\u00f1o queremos dedicarle m\u00e1s tiempo a concursos y al desarrollo de ideas, para en un futuro poder hacer proyectos m\u00e1s complejos.<\/p>\n<p><a href=\"https:\/\/stepienybarno.es\/blog\/wp-content\/uploads\/2009\/05\/dcpp-1-int.jpg\"><img loading=\"lazy\" decoding=\"async\" class=\"aligncenter size-full wp-image-392\" title=\"dcpp-1-int\" src=\"https:\/\/stepienybarno.es\/blog\/wp-content\/uploads\/2009\/05\/dcpp-1-int.jpg\" alt=\"dcpp-1-int\" width=\"350\" height=\"277\" srcset=\"https:\/\/stepienybarno.es\/blog\/wp-content\/uploads\/2009\/05\/dcpp-1-int.jpg 350w, https:\/\/stepienybarno.es\/blog\/wp-content\/uploads\/2009\/05\/dcpp-1-int-180x142.jpg 180w, https:\/\/stepienybarno.es\/blog\/wp-content\/uploads\/2009\/05\/dcpp-1-int-316x250.jpg 316w\" sizes=\"(max-width: 350px) 100vw, 350px\" \/><\/a><\/p>\n","protected":false},"excerpt":{"rendered":"<p>Desde aqu\u00ed podr\u00e1s acceder a la presentaci\u00f3n y la entrevista<\/p>\n","protected":false},"author":2,"featured_media":0,"parent":38,"menu_order":2,"comment_status":"closed","ping_status":"closed","template":"","meta":{"om_disable_all_campaigns":false,"_monsterinsights_skip_tracking":false,"_monsterinsights_sitenote_active":false,"_monsterinsights_sitenote_note":"","_monsterinsights_sitenote_category":0,"_uf_show_specific_survey":0,"_uf_disable_surveys":false,"episode_type":"","audio_file":"","cover_image":"","cover_image_id":"","duration":"","filesize":"","date_recorded":"","explicit":"","block":"","filesize_raw":"","footnotes":""},"class_list":["post-144","page","type-page","status-publish","hentry"],"aioseo_notices":[],"_links":{"self":[{"href":"https:\/\/stepienybarno.es\/blog\/wp-json\/wp\/v2\/pages\/144"}],"collection":[{"href":"https:\/\/stepienybarno.es\/blog\/wp-json\/wp\/v2\/pages"}],"about":[{"href":"https:\/\/stepienybarno.es\/blog\/wp-json\/wp\/v2\/types\/page"}],"author":[{"embeddable":true,"href":"https:\/\/stepienybarno.es\/blog\/wp-json\/wp\/v2\/users\/2"}],"replies":[{"embeddable":true,"href":"https:\/\/stepienybarno.es\/blog\/wp-json\/wp\/v2\/comments?post=144"}],"version-history":[{"count":13,"href":"https:\/\/stepienybarno.es\/blog\/wp-json\/wp\/v2\/pages\/144\/revisions"}],"predecessor-version":[{"id":395,"href":"https:\/\/stepienybarno.es\/blog\/wp-json\/wp\/v2\/pages\/144\/revisions\/395"}],"up":[{"embeddable":true,"href":"https:\/\/stepienybarno.es\/blog\/wp-json\/wp\/v2\/pages\/38"}],"wp:attachment":[{"href":"https:\/\/stepienybarno.es\/blog\/wp-json\/wp\/v2\/media?parent=144"}],"curies":[{"name":"wp","href":"https:\/\/api.w.org\/{rel}","templated":true}]}}