{"id":1693,"date":"2010-01-25T18:47:50","date_gmt":"2010-01-25T16:47:50","guid":{"rendered":"https:\/\/www.stepienybarno.es\/blog\/?page_id=1693"},"modified":"2010-01-26T01:03:00","modified_gmt":"2010-01-25T23:03:00","slug":"santiago-carroquino","status":"publish","type":"page","link":"https:\/\/stepienybarno.es\/blog\/a-r-q-u-i-e-n-t-r-e-v-i-s-t-a-s\/santiago-carroquino\/","title":{"rendered":"SANTIAGO CARROQUINO"},"content":{"rendered":"<table border=\"0\" width=\"750\">\n<tbody>\n<tr>\n<td width=\"386\">\n<p style=\"text-align: left;\">Desde aqu\u00ed pr\u00f3ximamente podr\u00e1s acceder a la presentaci\u00f3n y la entrevista con<br \/>\nSANTIAGO CARROQUINO:<\/p>\n<p style=\"text-align: left;\">\n<p style=\"text-align: left;\">\n<p style=\"text-align: left;\">\n<p style=\"text-align: center;\">\n<p style=\"text-align: center;\">\n<\/td>\n<td rowspan=\"6\" width=\"354\"><\/td>\n<\/tr>\n<tr>\n<td>[PRESENTACI\u00d3N]<\/td>\n<\/tr>\n<tr>\n<td><\/td>\n<\/tr>\n<tr>\n<td>[ENTREVISTA]<\/p>\n<p>&#8211; PARTE 1<\/p>\n<p>&#8211; PARTE 2<\/td>\n<\/tr>\n<tr>\n<td><\/td>\n<\/tr>\n<tr>\n<td><a href=\"http:\/\/www.carroquinoarquitectos.com\/\">[SU P\u00c1GINA WEB]<\/a><\/td>\n<\/tr>\n<\/tbody>\n<\/table>\n","protected":false},"excerpt":{"rendered":"<p>Desde aqu\u00ed pr\u00f3ximamente podr\u00e1s acceder a la presentaci\u00f3n y la<\/p>\n","protected":false},"author":2,"featured_media":0,"parent":38,"menu_order":12,"comment_status":"closed","ping_status":"closed","template":"","meta":{"om_disable_all_campaigns":false,"_monsterinsights_skip_tracking":false,"_monsterinsights_sitenote_active":false,"_monsterinsights_sitenote_note":"","_monsterinsights_sitenote_category":0,"_uf_show_specific_survey":0,"_uf_disable_surveys":false,"episode_type":"","audio_file":"","cover_image":"","cover_image_id":"","duration":"","filesize":"","date_recorded":"","explicit":"","block":"","filesize_raw":"","footnotes":""},"class_list":["post-1693","page","type-page","status-publish","hentry"],"aioseo_notices":[],"_links":{"self":[{"href":"https:\/\/stepienybarno.es\/blog\/wp-json\/wp\/v2\/pages\/1693"}],"collection":[{"href":"https:\/\/stepienybarno.es\/blog\/wp-json\/wp\/v2\/pages"}],"about":[{"href":"https:\/\/stepienybarno.es\/blog\/wp-json\/wp\/v2\/types\/page"}],"author":[{"embeddable":true,"href":"https:\/\/stepienybarno.es\/blog\/wp-json\/wp\/v2\/users\/2"}],"replies":[{"embeddable":true,"href":"https:\/\/stepienybarno.es\/blog\/wp-json\/wp\/v2\/comments?post=1693"}],"version-history":[{"count":4,"href":"https:\/\/stepienybarno.es\/blog\/wp-json\/wp\/v2\/pages\/1693\/revisions"}],"predecessor-version":[{"id":1710,"href":"https:\/\/stepienybarno.es\/blog\/wp-json\/wp\/v2\/pages\/1693\/revisions\/1710"}],"up":[{"embeddable":true,"href":"https:\/\/stepienybarno.es\/blog\/wp-json\/wp\/v2\/pages\/38"}],"wp:attachment":[{"href":"https:\/\/stepienybarno.es\/blog\/wp-json\/wp\/v2\/media?parent=1693"}],"curies":[{"name":"wp","href":"https:\/\/api.w.org\/{rel}","templated":true}]}}