{"id":51404,"date":"2022-01-17T14:25:18","date_gmt":"2022-01-17T12:25:18","guid":{"rendered":"https:\/\/stepienybarno.es\/blog\/?page_id=51404"},"modified":"2022-01-27T08:39:42","modified_gmt":"2022-01-27T06:39:42","slug":"asesoramientos-de-identidad-digital-para-estudios-de-arquitectura","status":"publish","type":"page","link":"https:\/\/stepienybarno.es\/blog\/asesoramientos-de-identidad-digital-para-estudios-de-arquitectura\/","title":{"rendered":"Asesoramientos de Identidad Digital para Estudios de Arquitectura"},"content":{"rendered":"<h1>Asesoramientos de Identidad Digital para Estudios de Arquitectura<\/h1>\n<p>\u00bfCu\u00e1ntas veces te has planteado si necesitas una web o quiz\u00e1s ya sea hora de renovar la que tienes? o \u00bfQu\u00e9 hacer para que posibles clientes te puedan encontrar en la red?<\/p>\n<p>Estas preguntas y muchas m\u00e1s son las que nos hacen constantemente nuestros clientes. Normalmente, la respuesta no es \u00fanica ni f\u00e1cil; pero nosotros, con m\u00e1s de 10 a\u00f1os de experiencia en la red, damos claves que ayudan a otr@s arquitect@s a que su d\u00eda a d\u00eda sea mejor.<\/p>\n<p>Si quieres saber m\u00e1s de este servicio que tenemos para ti, no tienes m\u00e1s que seguir leyendo.<\/p>\n<p><!--more--><\/p>\n<h4 style=\"text-align: center;\"><span style=\"color: #808080;\">&#8230;<\/span><\/h4>\n<h4 class=\"entry-title\" style=\"text-align: center;\">\u00bfQuieres mejorar tu visibilidad en la red y aumentar tus posibilidades laborales?<\/h4>\n<p>Desde el 2003 en que montamos nuestro estudio no ha cesado nuestra pasi\u00f3n por la arquitectura y por el d\u00eda a d\u00eda de los arquitectos.<\/p>\n<p>Es decir, como t\u00fa, <strong>somos arquitectos<\/strong> y te podemos entender a la perfecci\u00f3n.<\/p>\n<p>Llevamos <strong>15 a\u00f1os<\/strong> en la red y m\u00e1s de 10 ayudando a otro@s compa\u00f1er@s a<strong> mejorar su\u00a0 visibilidad en la red y, en consecuencia, aumentar sus posibilidades laborares. <\/strong><\/p>\n<p>Las preguntas que t\u00fa tienes en mente para mejorar tu rastro digital o hacerte (o no) tu nueva <strong>web,<\/strong> son las que habitualmente nos plantean y durante todo este tiempo son muchas las personas a las que hemos ayudado aclarando cuestiones de este tipo.<\/p>\n<p>\u00bfSignifica esto que con una sola sesi\u00f3n con nosotros te llover\u00e1n los clientes? Evidentemente, no. Pero, seguramente, te servir\u00e1 para tener mucho m\u00e1s claro por d\u00f3nde tirar y qu\u00e9 hacer en estos momentos que quiz\u00e1s sean complicados para ti.<\/p>\n<p><iframe loading=\"lazy\" title=\"STEPIENYBARNO \/ ASESORAMIENTO EN IDENTIDAD DIGITAL\" width=\"911\" height=\"512\" src=\"https:\/\/www.youtube.com\/embed\/videoseries?list=PL9KCMehqFIaiw7uaOI85IP4fyk850ZCAM\" frameborder=\"0\" allow=\"accelerometer; autoplay; clipboard-write; encrypted-media; gyroscope; picture-in-picture\" allowfullscreen><\/iframe><\/p>\n<p>Por todo ello, tenemos este servicio de <strong>asesoramiento particular y personalizado <\/strong>a tu disposici\u00f3n. Nos encanta lo que hacemos y sabemos que no es f\u00e1cil tener una visi\u00f3n clara y acertada de lo que pasa en este <strong>entorno 2.0.<\/strong> Aun menos si lo llevamos a <strong>nuestro particular mundillo arquitect\u00f3nico <\/strong>donde muchas de las t\u00e9cnicas de marketing y ventas que funcionan en otros sectores, NO funcionan en el nuestro.<\/p>\n<h2><span id=\"1__Confianza\">1 Confianza<\/span><\/h2>\n<p>Las preguntas que t\u00fa tienes en mente para mejorar tu rastro digital o hacerte (o no) tu nueva\u00a0<strong>web,<\/strong>\u00a0son las que habitualmente nos plantean y durante todo este tiempo son muchas las personas a las que hemos ayudado aclarando cuestiones de este tipo.<\/p>\n<p><strong>Los arquitectos tenemos tendencia a hacer webs que solo sirven para que otros arquitectos nos aplaudan; pero, para que un cliente entienda los beneficios de trabajar con nosotros.<\/strong><\/p>\n<p>Vivimos tiempos r\u00e1pidos, quiz\u00e1s demasiado veloces. Captar la atenci\u00f3n de un posible cliente es un esfuerzo tit\u00e1nico. Generar confianza es m\u00e1s complicado que nunca. Sin embargo, si damos con la tecla correcta, conseguiremos que nos presten atenci\u00f3n y\u00a0<strong>con acciones muy estrat\u00e9gicas conseguiremos ir generando confianza y estar en la mente de posibles clientes.<\/strong><\/p>\n<p>Aprender a tratar con estos potenciales clientes es algo que en la escuela no nos ense\u00f1an y conviene tener bien presente:<\/p>\n<p><iframe loading=\"lazy\" title=\"\u00bfC\u00f3mo CONSEGUIR m\u00e1s CLIENTES siendo ARQUITECTO?\" width=\"911\" height=\"512\" src=\"https:\/\/www.youtube.com\/embed\/809rFflB95U?feature=oembed\" frameborder=\"0\" allow=\"accelerometer; autoplay; clipboard-write; encrypted-media; gyroscope; picture-in-picture\" allowfullscreen><\/iframe><\/p>\n<h2><span id=\"2__Estrategia_y_Tactica\">2 Estrategia y T\u00e1ctica.<\/span><\/h2>\n<p>Muchas veces, invertimos mucho tiempo en estar en <strong>una red social<\/strong> o compartir v\u00eddeos sin ton ni son. Es un tiempo que si no est\u00e1 organizado y tiene un objetivo no termina de ser eficiente. Por ello, es importante pararse a\u00a0<strong>planificar en funci\u00f3n de un objetivo claro.<\/strong>\u00a0A partir de ah\u00ed surge la estrategia y se pueden analizar posibilidades. Cuando ya se tiene esto claro, podemos pasar a la t\u00e1ctica y\u00a0<strong>concretar qu\u00e9 acciones concretas podemos hacer para comunicarnos<\/strong>\u00a0y mejorar nuestra presencia online.<\/p>\n<p>Si haces un Proceso de mirada interna de lo que es tu labor profesional te servir\u00e1 para tener mucho m\u00e1s claro por d\u00f3nde tirar y qu\u00e9 hacer en estos momentos que quiz\u00e1s sean complicados para ti. Es importante que tengas muy claros cu\u00e1les son tus puntos fuertes y los que no lo son tanto.<\/p>\n<p>Desde ah\u00ed, con una buena gu\u00eda todo ser\u00e1 m\u00e1s sencillo. Parece que tener una buena presencia digital es algo sencillo; pero, no lo es. De hecho, <strong>si no tenemos claras las reglas del juego ser\u00e1 casi imposible captar la mirada de un posible cliente.<\/strong><\/p>\n<p>Si quieres ver lo que dicen otros arquitectos echa un ojo a estos v\u00eddeos: <strong>TESTIMONIOS.<\/strong><\/p>\n<p><iframe loading=\"lazy\" title=\"Asesor\u00edas en Identidad Digital\" width=\"911\" height=\"512\" src=\"https:\/\/www.youtube.com\/embed\/videoseries?list=PL9KCMehqFIahnLc9EoH0fr6z6BNxz-k6u\" frameborder=\"0\" allow=\"accelerometer; autoplay; clipboard-write; encrypted-media; gyroscope; picture-in-picture\" allowfullscreen><\/iframe><\/p>\n<h2><span id=\"3_Inversion_en_nuestro_Asesoramiento_de_Identidad_Digital\">3 Inversi\u00f3n en\u00a0 nuestro Asesoramiento de Identidad Digital.<\/span><\/h2>\n<h4>OPCI\u00d3N 1<\/h4>\n<pre><strong>1 sesi\u00f3n<\/strong> de 60 minutos: 200 Euros + IVA<\/pre>\n<p>Si est\u00e1s en una situaci\u00f3n laboral complicada podemos aplicar un 25% de descuento<\/p>\n<h4>OPCI\u00d3N 2<\/h4>\n<pre>Pack de <strong>3 sesiones<\/strong> de 60 minutos: 450 Euros + IVA<\/pre>\n<p>Si est\u00e1s en una situaci\u00f3n laboral complicada podemos aplicar un 25% de descuento<\/p>\n<h4>OPCI\u00d3N 3<\/h4>\n<pre><strong>PID personalizado<\/strong> (Proceso de Identidad Digital): tiempo medio estimado 3-6 meses.<\/pre>\n<p>Para m\u00e1s informaci\u00f3n ver estos posts:<\/p>\n<p><a href=\"https:\/\/www.stepienybarno.es\/blog\/2015\/10\/21\/proyecto-de-identidad-digital-de-stepienybarno-para-pacho-camino\/\" target=\"_blank\" rel=\"noopener noreferrer\">PROYECTO DE IDENTIDAD DIGITAL PARA PACHO CAMINO.<\/a><\/p>\n<p><a href=\"https:\/\/www.stepienybarno.es\/blog\/2015\/01\/27\/proyecto-de-identidad-digital-de-stepienybarno-para-bonsai-arquitectos\/\" target=\"_blank\" rel=\"noopener noreferrer\">PROYECTO DE IDENTIDAD DIGITAL PARA BONSAI ARQUITECTOS.<\/a><\/p>\n<p>Precio a concretar.<\/p>\n<p style=\"text-align: center;\">Si ves que te podemos ayudar, s\u00f3lo tienes que mandar un correo a:<\/p>\n<h4 style=\"text-align: center;\">blog@stepienybarno.es<\/h4>\n<h4 style=\"text-align: center;\">Asunto: Asesoramiento de Identidad Digital por Stepienybarno<\/h4>\n<p style=\"text-align: center;\"><a href=\"https:\/\/stepienybarno.es\/blog\/2022\/01\/24\/episodio-133-instatectura-la-semana-en-syb-mejorar-la-visibilidad-en-la-red-con-lorenzo-barno\/\" target=\"_blank\" rel=\"noopener\">M\u00c1S SOBRE LOS ASESORAMIENTOS.<\/a><\/p>\n<p>&nbsp;<\/p>\n<h4><img loading=\"lazy\" decoding=\"async\" class=\"alignnone size-full wp-image-49449\" src=\"https:\/\/stepienybarno.es\/blog\/wp-content\/uploads\/2021\/09\/syb-IDENTIDAD-DIGITAL.jpg\" alt=\"\" width=\"1920\" height=\"1080\" srcset=\"https:\/\/stepienybarno.es\/blog\/wp-content\/uploads\/2021\/09\/syb-IDENTIDAD-DIGITAL.jpg 1920w, https:\/\/stepienybarno.es\/blog\/wp-content\/uploads\/2021\/09\/syb-IDENTIDAD-DIGITAL-550x309.jpg 550w, https:\/\/stepienybarno.es\/blog\/wp-content\/uploads\/2021\/09\/syb-IDENTIDAD-DIGITAL-1024x576.jpg 1024w, https:\/\/stepienybarno.es\/blog\/wp-content\/uploads\/2021\/09\/syb-IDENTIDAD-DIGITAL-180x101.jpg 180w, https:\/\/stepienybarno.es\/blog\/wp-content\/uploads\/2021\/09\/syb-IDENTIDAD-DIGITAL-1536x864.jpg 1536w, https:\/\/stepienybarno.es\/blog\/wp-content\/uploads\/2021\/09\/syb-IDENTIDAD-DIGITAL-316x178.jpg 316w\" sizes=\"(max-width: 1920px) 100vw, 1920px\" \/><\/h4>\n<p>&nbsp;<\/p>\n","protected":false},"excerpt":{"rendered":"<p>Asesoramientos de Identidad Digital para Estudios de Arquitectura \u00bfCu\u00e1ntas veces<\/p>\n","protected":false},"author":2,"featured_media":49449,"parent":0,"menu_order":0,"comment_status":"closed","ping_status":"closed","template":"","meta":{"om_disable_all_campaigns":false,"_monsterinsights_skip_tracking":false,"_monsterinsights_sitenote_active":false,"_monsterinsights_sitenote_note":"","_monsterinsights_sitenote_category":0,"_uf_show_specific_survey":0,"_uf_disable_surveys":false,"episode_type":"","audio_file":"","cover_image":"","cover_image_id":"","duration":"","filesize":"","date_recorded":"","explicit":"","block":"","filesize_raw":"","footnotes":""},"class_list":["post-51404","page","type-page","status-publish","has-post-thumbnail","hentry"],"aioseo_notices":[],"yoast_head":"<!-- This site is optimized with the Yoast SEO plugin v25.3.1 - https:\/\/yoast.com\/wordpress\/plugins\/seo\/ -->\n<title>Asesoramientos de Identidad Digital para Estudios de Arquitectura - Blog de STEPIEN Y BARNO - publicaci\u00f3n digital sobre arquitectura<\/title>\n<meta name=\"robots\" content=\"index, follow, max-snippet:-1, max-image-preview:large, max-video-preview:-1\" \/>\n<link rel=\"canonical\" href=\"https:\/\/stepienybarno.es\/blog\/asesoramientos-de-identidad-digital-para-estudios-de-arquitectura\/\" \/>\n<meta property=\"og:locale\" content=\"es_ES\" \/>\n<meta property=\"og:type\" content=\"article\" \/>\n<meta property=\"og:title\" content=\"Asesoramientos de Identidad Digital para Estudios de Arquitectura - Blog de STEPIEN Y BARNO - publicaci\u00f3n digital sobre arquitectura\" \/>\n<meta property=\"og:description\" content=\"Asesoramientos de Identidad Digital para Estudios de Arquitectura \u00bfCu\u00e1ntas veces\" \/>\n<meta property=\"og:url\" content=\"https:\/\/stepienybarno.es\/blog\/asesoramientos-de-identidad-digital-para-estudios-de-arquitectura\/\" \/>\n<meta property=\"og:site_name\" content=\"Blog de STEPIEN Y BARNO - publicaci\u00f3n digital sobre arquitectura\" \/>\n<meta property=\"article:publisher\" content=\"https:\/\/www.facebook.com\/StepienyBarnoArquitecturaeIdentidadDigital\" \/>\n<meta property=\"article:modified_time\" content=\"2022-01-27T06:39:42+00:00\" \/>\n<meta property=\"og:image\" content=\"https:\/\/stepienybarno.es\/blog\/wp-content\/uploads\/2021\/09\/syb-IDENTIDAD-DIGITAL.jpg\" \/>\n\t<meta property=\"og:image:width\" content=\"1920\" \/>\n\t<meta property=\"og:image:height\" content=\"1080\" \/>\n\t<meta property=\"og:image:type\" content=\"image\/jpeg\" \/>\n<meta name=\"twitter:card\" content=\"summary_large_image\" \/>\n<meta name=\"twitter:site\" content=\"@stepienybarno\" \/>\n<meta name=\"twitter:label1\" content=\"Tiempo de lectura\" \/>\n\t<meta name=\"twitter:data1\" content=\"4 minutos\" \/>\n<script type=\"application\/ld+json\" class=\"yoast-schema-graph\">{\"@context\":\"https:\/\/schema.org\",\"@graph\":[{\"@type\":\"WebPage\",\"@id\":\"https:\/\/stepienybarno.es\/blog\/asesoramientos-de-identidad-digital-para-estudios-de-arquitectura\/\",\"url\":\"https:\/\/stepienybarno.es\/blog\/asesoramientos-de-identidad-digital-para-estudios-de-arquitectura\/\",\"name\":\"Asesoramientos de Identidad Digital para Estudios de Arquitectura - Blog de STEPIEN Y BARNO - publicaci\u00f3n digital sobre arquitectura\",\"isPartOf\":{\"@id\":\"https:\/\/stepienybarno.es\/blog\/#website\"},\"primaryImageOfPage\":{\"@id\":\"https:\/\/stepienybarno.es\/blog\/asesoramientos-de-identidad-digital-para-estudios-de-arquitectura\/#primaryimage\"},\"image\":{\"@id\":\"https:\/\/stepienybarno.es\/blog\/asesoramientos-de-identidad-digital-para-estudios-de-arquitectura\/#primaryimage\"},\"thumbnailUrl\":\"https:\/\/stepienybarno.es\/blog\/wp-content\/uploads\/2021\/09\/syb-IDENTIDAD-DIGITAL.jpg\",\"datePublished\":\"2022-01-17T12:25:18+00:00\",\"dateModified\":\"2022-01-27T06:39:42+00:00\",\"breadcrumb\":{\"@id\":\"https:\/\/stepienybarno.es\/blog\/asesoramientos-de-identidad-digital-para-estudios-de-arquitectura\/#breadcrumb\"},\"inLanguage\":\"es\",\"potentialAction\":[{\"@type\":\"ReadAction\",\"target\":[\"https:\/\/stepienybarno.es\/blog\/asesoramientos-de-identidad-digital-para-estudios-de-arquitectura\/\"]}]},{\"@type\":\"ImageObject\",\"inLanguage\":\"es\",\"@id\":\"https:\/\/stepienybarno.es\/blog\/asesoramientos-de-identidad-digital-para-estudios-de-arquitectura\/#primaryimage\",\"url\":\"https:\/\/stepienybarno.es\/blog\/wp-content\/uploads\/2021\/09\/syb-IDENTIDAD-DIGITAL.jpg\",\"contentUrl\":\"https:\/\/stepienybarno.es\/blog\/wp-content\/uploads\/2021\/09\/syb-IDENTIDAD-DIGITAL.jpg\",\"width\":1920,\"height\":1080},{\"@type\":\"BreadcrumbList\",\"@id\":\"https:\/\/stepienybarno.es\/blog\/asesoramientos-de-identidad-digital-para-estudios-de-arquitectura\/#breadcrumb\",\"itemListElement\":[{\"@type\":\"ListItem\",\"position\":1,\"name\":\"Portada\",\"item\":\"https:\/\/stepienybarno.es\/blog\/\"},{\"@type\":\"ListItem\",\"position\":2,\"name\":\"Asesoramientos de Identidad Digital para Estudios de Arquitectura\"}]},{\"@type\":\"WebSite\",\"@id\":\"https:\/\/stepienybarno.es\/blog\/#website\",\"url\":\"https:\/\/stepienybarno.es\/blog\/\",\"name\":\"Blog de STEPIEN Y BARNO - publicaci\u00f3n digital sobre arquitectura\",\"description\":\"comparta nuestra manera de ver el mundo de la arquitectura. Nos interesa la arquitectura que no hace mucho ruido y la gente que la genera.\",\"potentialAction\":[{\"@type\":\"SearchAction\",\"target\":{\"@type\":\"EntryPoint\",\"urlTemplate\":\"https:\/\/stepienybarno.es\/blog\/?s={search_term_string}\"},\"query-input\":{\"@type\":\"PropertyValueSpecification\",\"valueRequired\":true,\"valueName\":\"search_term_string\"}}],\"inLanguage\":\"es\"}]}<\/script>\n<!-- \/ Yoast SEO plugin. -->","yoast_head_json":{"title":"Asesoramientos de Identidad Digital para Estudios de Arquitectura - Blog de STEPIEN Y BARNO - publicaci\u00f3n digital sobre arquitectura","robots":{"index":"index","follow":"follow","max-snippet":"max-snippet:-1","max-image-preview":"max-image-preview:large","max-video-preview":"max-video-preview:-1"},"canonical":"https:\/\/stepienybarno.es\/blog\/asesoramientos-de-identidad-digital-para-estudios-de-arquitectura\/","og_locale":"es_ES","og_type":"article","og_title":"Asesoramientos de Identidad Digital para Estudios de Arquitectura - Blog de STEPIEN Y BARNO - publicaci\u00f3n digital sobre arquitectura","og_description":"Asesoramientos de Identidad Digital para Estudios de Arquitectura \u00bfCu\u00e1ntas veces","og_url":"https:\/\/stepienybarno.es\/blog\/asesoramientos-de-identidad-digital-para-estudios-de-arquitectura\/","og_site_name":"Blog de STEPIEN Y BARNO - publicaci\u00f3n digital sobre arquitectura","article_publisher":"https:\/\/www.facebook.com\/StepienyBarnoArquitecturaeIdentidadDigital","article_modified_time":"2022-01-27T06:39:42+00:00","og_image":[{"width":1920,"height":1080,"url":"https:\/\/stepienybarno.es\/blog\/wp-content\/uploads\/2021\/09\/syb-IDENTIDAD-DIGITAL.jpg","type":"image\/jpeg"}],"twitter_card":"summary_large_image","twitter_site":"@stepienybarno","twitter_misc":{"Tiempo de lectura":"4 minutos"},"schema":{"@context":"https:\/\/schema.org","@graph":[{"@type":"WebPage","@id":"https:\/\/stepienybarno.es\/blog\/asesoramientos-de-identidad-digital-para-estudios-de-arquitectura\/","url":"https:\/\/stepienybarno.es\/blog\/asesoramientos-de-identidad-digital-para-estudios-de-arquitectura\/","name":"Asesoramientos de Identidad Digital para Estudios de Arquitectura - Blog de STEPIEN Y BARNO - publicaci\u00f3n digital sobre arquitectura","isPartOf":{"@id":"https:\/\/stepienybarno.es\/blog\/#website"},"primaryImageOfPage":{"@id":"https:\/\/stepienybarno.es\/blog\/asesoramientos-de-identidad-digital-para-estudios-de-arquitectura\/#primaryimage"},"image":{"@id":"https:\/\/stepienybarno.es\/blog\/asesoramientos-de-identidad-digital-para-estudios-de-arquitectura\/#primaryimage"},"thumbnailUrl":"https:\/\/stepienybarno.es\/blog\/wp-content\/uploads\/2021\/09\/syb-IDENTIDAD-DIGITAL.jpg","datePublished":"2022-01-17T12:25:18+00:00","dateModified":"2022-01-27T06:39:42+00:00","breadcrumb":{"@id":"https:\/\/stepienybarno.es\/blog\/asesoramientos-de-identidad-digital-para-estudios-de-arquitectura\/#breadcrumb"},"inLanguage":"es","potentialAction":[{"@type":"ReadAction","target":["https:\/\/stepienybarno.es\/blog\/asesoramientos-de-identidad-digital-para-estudios-de-arquitectura\/"]}]},{"@type":"ImageObject","inLanguage":"es","@id":"https:\/\/stepienybarno.es\/blog\/asesoramientos-de-identidad-digital-para-estudios-de-arquitectura\/#primaryimage","url":"https:\/\/stepienybarno.es\/blog\/wp-content\/uploads\/2021\/09\/syb-IDENTIDAD-DIGITAL.jpg","contentUrl":"https:\/\/stepienybarno.es\/blog\/wp-content\/uploads\/2021\/09\/syb-IDENTIDAD-DIGITAL.jpg","width":1920,"height":1080},{"@type":"BreadcrumbList","@id":"https:\/\/stepienybarno.es\/blog\/asesoramientos-de-identidad-digital-para-estudios-de-arquitectura\/#breadcrumb","itemListElement":[{"@type":"ListItem","position":1,"name":"Portada","item":"https:\/\/stepienybarno.es\/blog\/"},{"@type":"ListItem","position":2,"name":"Asesoramientos de Identidad Digital para Estudios de Arquitectura"}]},{"@type":"WebSite","@id":"https:\/\/stepienybarno.es\/blog\/#website","url":"https:\/\/stepienybarno.es\/blog\/","name":"Blog de STEPIEN Y BARNO - publicaci\u00f3n digital sobre arquitectura","description":"comparta nuestra manera de ver el mundo de la arquitectura. Nos interesa la arquitectura que no hace mucho ruido y la gente que la genera.","potentialAction":[{"@type":"SearchAction","target":{"@type":"EntryPoint","urlTemplate":"https:\/\/stepienybarno.es\/blog\/?s={search_term_string}"},"query-input":{"@type":"PropertyValueSpecification","valueRequired":true,"valueName":"search_term_string"}}],"inLanguage":"es"}]}},"_links":{"self":[{"href":"https:\/\/stepienybarno.es\/blog\/wp-json\/wp\/v2\/pages\/51404"}],"collection":[{"href":"https:\/\/stepienybarno.es\/blog\/wp-json\/wp\/v2\/pages"}],"about":[{"href":"https:\/\/stepienybarno.es\/blog\/wp-json\/wp\/v2\/types\/page"}],"author":[{"embeddable":true,"href":"https:\/\/stepienybarno.es\/blog\/wp-json\/wp\/v2\/users\/2"}],"replies":[{"embeddable":true,"href":"https:\/\/stepienybarno.es\/blog\/wp-json\/wp\/v2\/comments?post=51404"}],"version-history":[{"count":10,"href":"https:\/\/stepienybarno.es\/blog\/wp-json\/wp\/v2\/pages\/51404\/revisions"}],"predecessor-version":[{"id":51543,"href":"https:\/\/stepienybarno.es\/blog\/wp-json\/wp\/v2\/pages\/51404\/revisions\/51543"}],"wp:featuredmedia":[{"embeddable":true,"href":"https:\/\/stepienybarno.es\/blog\/wp-json\/wp\/v2\/media\/49449"}],"wp:attachment":[{"href":"https:\/\/stepienybarno.es\/blog\/wp-json\/wp\/v2\/media?parent=51404"}],"curies":[{"name":"wp","href":"https:\/\/api.w.org\/{rel}","templated":true}]}}