{"id":685,"date":"2009-06-17T19:22:20","date_gmt":"2009-06-17T17:22:20","guid":{"rendered":"https:\/\/www.stepienybarno.es\/blog\/?page_id=685"},"modified":"2010-01-26T00:45:51","modified_gmt":"2010-01-25T22:45:51","slug":"elisa-valero","status":"publish","type":"page","link":"https:\/\/stepienybarno.es\/blog\/a-r-q-u-i-e-n-t-r-e-v-i-s-t-a-s\/elisa-valero\/","title":{"rendered":"ELISA VALERO"},"content":{"rendered":"<table style=\"height: 158px;\" border=\"0\" width=\"466\">\n<tbody>\n<tr>\n<td width=\"386\">\n<p style=\"text-align: left;\">Desde aqu\u00ed pr\u00f3ximamente podr\u00e1s acceder a la presentaci\u00f3n y la entrevista con ELISA VALERO:<\/p>\n<p style=\"text-align: left;\">\n<p style=\"text-align: left;\">\n<p style=\"text-align: left;\">\n<p style=\"text-align: center;\">\n<p style=\"text-align: center;\">\n<\/td>\n<\/tr>\n<tr>\n<td>[PRESENTACI\u00d3N]<\/td>\n<\/tr>\n<tr>\n<td><\/td>\n<\/tr>\n<tr>\n<td>[ENTREVISTA]<\/p>\n<p>&#8211; PARTE 1<\/p>\n<p>&#8211; PARTE 2<\/td>\n<\/tr>\n<tr>\n<td><\/td>\n<\/tr>\n<tr>\n<td><a href=\"http:\/\/www.dosmasunoarquitectos.com\"><br \/>\n<\/a><\/td>\n<\/tr>\n<\/tbody>\n<\/table>\n","protected":false},"excerpt":{"rendered":"<p>Desde aqu\u00ed pr\u00f3ximamente podr\u00e1s acceder a la presentaci\u00f3n y la<\/p>\n","protected":false},"author":2,"featured_media":0,"parent":38,"menu_order":11,"comment_status":"closed","ping_status":"closed","template":"","meta":{"om_disable_all_campaigns":false,"_monsterinsights_skip_tracking":false,"_monsterinsights_sitenote_active":false,"_monsterinsights_sitenote_note":"","_monsterinsights_sitenote_category":0,"_uf_show_specific_survey":0,"_uf_disable_surveys":false,"episode_type":"","audio_file":"","cover_image":"","cover_image_id":"","duration":"","filesize":"","date_recorded":"","explicit":"","block":"","filesize_raw":"","footnotes":""},"class_list":["post-685","page","type-page","status-publish","hentry"],"aioseo_notices":[],"_links":{"self":[{"href":"https:\/\/stepienybarno.es\/blog\/wp-json\/wp\/v2\/pages\/685"}],"collection":[{"href":"https:\/\/stepienybarno.es\/blog\/wp-json\/wp\/v2\/pages"}],"about":[{"href":"https:\/\/stepienybarno.es\/blog\/wp-json\/wp\/v2\/types\/page"}],"author":[{"embeddable":true,"href":"https:\/\/stepienybarno.es\/blog\/wp-json\/wp\/v2\/users\/2"}],"replies":[{"embeddable":true,"href":"https:\/\/stepienybarno.es\/blog\/wp-json\/wp\/v2\/comments?post=685"}],"version-history":[{"count":6,"href":"https:\/\/stepienybarno.es\/blog\/wp-json\/wp\/v2\/pages\/685\/revisions"}],"predecessor-version":[{"id":690,"href":"https:\/\/stepienybarno.es\/blog\/wp-json\/wp\/v2\/pages\/685\/revisions\/690"}],"up":[{"embeddable":true,"href":"https:\/\/stepienybarno.es\/blog\/wp-json\/wp\/v2\/pages\/38"}],"wp:attachment":[{"href":"https:\/\/stepienybarno.es\/blog\/wp-json\/wp\/v2\/media?parent=685"}],"curies":[{"name":"wp","href":"https:\/\/api.w.org\/{rel}","templated":true}]}}