{"id":8738,"date":"2013-05-18T23:48:53","date_gmt":"2013-05-18T21:48:53","guid":{"rendered":"https:\/\/www.stepienybarno.es\/blog\/?page_id=8738"},"modified":"2023-01-19T12:58:33","modified_gmt":"2023-01-19T10:58:33","slug":"publicitarte-en-stepienybarno","status":"publish","type":"page","link":"https:\/\/stepienybarno.es\/blog\/contacto\/publicitarte-en-stepienybarno\/","title":{"rendered":"Publicitarte en StepienyBarno"},"content":{"rendered":"<h3 align=\"left\"><span style=\"color: #ff0000;\">\u00bfPOR QU\u00c9 ANUNCIARTE EN EL BLOG DE STEPIENYBARNO?<\/span><\/h3>\n<p align=\"left\">La posibilidad de llegar a miles de arquitectos en un sitio web de <strong>m\u00e1xima visibilidad y confianza.<\/strong><\/p>\n<p align=\"left\">El blog de Stepienybarno lleva m\u00e1s de ocho\u00a0a\u00f1os en la red, siendo, desde el primer a\u00f1o, uno de los blogs de arquitectura m\u00e1s visitados (m\u00e1s de <strong>50.000 visitas al mes<\/strong>).<\/p>\n<p align=\"left\">Actualmente, <strong>es\u00a0uno de los blogs de arquitectura m\u00e1s<\/strong> <strong>influyentes<\/strong> (suma de visibilidad m\u00e1s interacci\u00f3n de sus lectores) \u00a0del mundo en lengua castellana, seg\u00fan el prestigioso <a href=\"https:\/\/stepienybarno.es\/blog\/2013\/05\/07\/stepienybarno-vuelve-al-segundo-puesto-del-ranking-ebuzzing-de-blogs-de-arquitectura\/#more-8599\">ranking de blogs de arquitectura ebuzzing<\/a>. Tambi\u00e9n <a href=\"https:\/\/stepienybarno.es\/blog\/2017\/01\/11\/100-blogs-de-arquitectura-y-su-presencia-en-la-red\/\" target=\"_blank\" rel=\"noopener noreferrer\">ver aqu\u00ed.<\/a><\/p>\n<p align=\"left\">Presencia en casi todas las Redes Sociales con especial intensidad en\u00a0<strong>Twitter<\/strong>, m\u00e1s de <strong>15.000<\/strong> <strong>seguidores<\/strong>, y en\u00a0<strong>Facebook<\/strong>, m\u00e1s\u00a0<strong>de<\/strong><strong>\u00a022.000 fans<\/strong>, con un alcance semanal de 50.000 personas.<\/p>\n<blockquote>\n<p align=\"left\">En caso de que quieras saber cu\u00e1les son las <strong><span style=\"color: #ff0000;\">tarifas <\/span><\/strong>para anunciarte, solo tienes que contactar con nosotros a trav\u00e9s de\u00a0\u00a0<strong><span style=\"color: #ff0000;\">blog@stepienybarno.es<\/span> \u00a0<\/strong>y te informaremos de todo ello.<\/p>\n<\/blockquote>\n<p style=\"text-align: center;\" align=\"left\"><img loading=\"lazy\" decoding=\"async\" class=\"aligncenter\" style=\"text-align: center;\" title=\"Stepienybanro en el ranking de arquitectura ebuzzing rec 96\" src=\"https:\/\/stepienybarno.es\/blog\/wp-content\/uploads\/2013\/05\/Stepienybanro-en-el-ranking-de-arquitectura-ebuzzing-rec-96-.jpg\" alt=\"Stepienybanro en el ranking de arquitectura ebuzzing rec 96\" width=\"500\" height=\"380\" \/><\/p>\n<h3 style=\"text-align: center;\" align=\"left\"><span style=\"color: #ff0000;\">TARIFAS DE CONTRATACI\u00d3N:<\/span><\/h3>\n<h5 style=\"text-align: center;\" align=\"left\">1_ MEGA BANNER DE CABECERA<\/h5>\n<p style=\"text-align: center;\" align=\"left\">\u00a0900 euros \/ mes<\/p>\n<h5 style=\"text-align: center;\" align=\"left\">2_ BANNER CUADRADO<\/h5>\n<p style=\"text-align: center;\" align=\"left\">500 euros \/ mes<\/p>\n<p style=\"text-align: center;\" align=\"left\">1.000 euros \/ 3 meses<\/p>\n<h5 style=\"text-align: center;\" align=\"left\">3_ POST PATROCINADO<\/h5>\n<p style=\"text-align: center;\" align=\"left\">650\u00a0euros<\/p>\n<pre style=\"text-align: center;\"><span style=\"color: #ff0000;\">Correo de contacto:\u00a0<strong>blog@stepienybarno.es <\/strong><\/span><\/pre>\n","protected":false},"excerpt":{"rendered":"<p>\u00bfPOR QU\u00c9 ANUNCIARTE EN EL BLOG DE STEPIENYBARNO? La posibilidad<\/p>\n","protected":false},"author":2,"featured_media":0,"parent":48,"menu_order":0,"comment_status":"closed","ping_status":"closed","template":"","meta":{"om_disable_all_campaigns":false,"_monsterinsights_skip_tracking":false,"_monsterinsights_sitenote_active":false,"_monsterinsights_sitenote_note":"","_monsterinsights_sitenote_category":0,"_uf_show_specific_survey":0,"_uf_disable_surveys":false,"episode_type":"","audio_file":"","cover_image":"","cover_image_id":"","duration":"","filesize":"","date_recorded":"","explicit":"","block":"","filesize_raw":"","footnotes":""},"class_list":["post-8738","page","type-page","status-publish","hentry"],"aioseo_notices":[],"_links":{"self":[{"href":"https:\/\/stepienybarno.es\/blog\/wp-json\/wp\/v2\/pages\/8738"}],"collection":[{"href":"https:\/\/stepienybarno.es\/blog\/wp-json\/wp\/v2\/pages"}],"about":[{"href":"https:\/\/stepienybarno.es\/blog\/wp-json\/wp\/v2\/types\/page"}],"author":[{"embeddable":true,"href":"https:\/\/stepienybarno.es\/blog\/wp-json\/wp\/v2\/users\/2"}],"replies":[{"embeddable":true,"href":"https:\/\/stepienybarno.es\/blog\/wp-json\/wp\/v2\/comments?post=8738"}],"version-history":[{"count":20,"href":"https:\/\/stepienybarno.es\/blog\/wp-json\/wp\/v2\/pages\/8738\/revisions"}],"predecessor-version":[{"id":56636,"href":"https:\/\/stepienybarno.es\/blog\/wp-json\/wp\/v2\/pages\/8738\/revisions\/56636"}],"up":[{"embeddable":true,"href":"https:\/\/stepienybarno.es\/blog\/wp-json\/wp\/v2\/pages\/48"}],"wp:attachment":[{"href":"https:\/\/stepienybarno.es\/blog\/wp-json\/wp\/v2\/media?parent=8738"}],"curies":[{"name":"wp","href":"https:\/\/api.w.org\/{rel}","templated":true}]}}